{"id":6406,"date":"2021-05-11T12:47:53","date_gmt":"2021-05-11T12:47:53","guid":{"rendered":"https:\/\/www.itra.be\/a-propos-de-nous\/"},"modified":"2022-11-19T08:17:22","modified_gmt":"2022-11-19T08:17:22","slug":"a-propos-de-nous","status":"publish","type":"page","link":"https:\/\/www.itra.be\/fr\/a-propos-de-nous\/","title":{"rendered":"A propos de nous"},"content":{"rendered":"<div class=\"wpb-content-wrapper\">[vc_row][vc_column]<div class=\"vcex-spacing wpex-w-100 wpex-clear\" style=\"height:80px;\"><\/div><h2 class=\"vcex-heading vcex-heading-plain vcex-module wpex-heading wpex-text-2xl wpex-h2 wpex-text-center\"><span class=\"vcex-heading-inner wpex-inline-block\">Fiabilit\u00e9 est un verbe \u00e0 ITRA qui peut \u00eatre conjugu\u00e9<br \/>\ndans tous les d\u00e9partements et produits que nous avons et offrons :<\/span><\/h2><div class=\"vcex-spacing wpex-w-100 wpex-clear\" style=\"height:10px;\"><\/div><h1 class=\"vcex-heading vcex-heading-plain vcex-module wpex-heading wpex-text-2xl wpex-h1 wpex-text-center\"><span class=\"vcex-heading-inner wpex-inline-block\">ITRA = Expertise et d\u00e9veloppement fiables :<\/span><\/h1><div class=\"vcex-spacing wpex-w-100 wpex-clear\"><\/div>[vc_column_text text_align=\u00a0\u00bbcenter\u00a0\u00bb width=\u00a0\u00bb60%\u00a0\u00bb el_class=\u00a0\u00bbintro\u00a0\u00bb]ITRA a d\u00e9j\u00e0 20 ans d&rsquo;exp\u00e9rience dans les syst\u00e8mes de convoyage et les machines d&#8217;emballage. Nos recommandations se caract\u00e9risent par un haut niveau d&rsquo;expertise sp\u00e9cialis\u00e9e et par une approche constructive dans la recherche de solutions avec nos clients.<\/p>\n<p>Cela signifie que nous d\u00e9veloppons des syst\u00e8mes de convoyage standard et hautement personnalis\u00e9s.[\/vc_column_text]<div class=\"vcex-spacing wpex-w-100 wpex-clear\" style=\"height:90px;\"><\/div><figure class=\"vcex-image vcex-module  wpb_animate_when_almost_visible wpb_fadeIn fadeIn\"><div class=\"vcex-image-inner wpex-relative wpex-inline-block\"><img loading=\"lazy\" class=\"vcex-image-img wpex-align-middle\" decoding=\"async\" src=\"https:\/\/www.itra.be\/wp-content\/uploads\/2022\/01\/Itra_33-1200x600.jpg\" alt=\"\" width=\"1200\" height=\"600\"><\/div><\/figure><div class=\"vcex-spacing wpex-w-100 wpex-clear\" style=\"height:90px;\"><\/div><div class=\"vcex-spacing wpex-w-100 wpex-clear\" style=\"height:90px;\"><\/div>[vc_row_inner content_placement=\u00a0\u00bbmiddle\u00a0\u00bb][vc_column_inner width=\u00a0\u00bb1\/2&Prime; css=\u00a0\u00bb.vc_custom_1622121679551{padding-left: 80px !important;}\u00a0\u00bb]<figure class=\"vcex-image vcex-module  wpb_animate_when_almost_visible wpb_fadeIn fadeIn\"><div class=\"vcex-image-inner wpex-relative wpex-inline-block\"><img loading=\"lazy\" class=\"vcex-image-img wpex-align-middle\" decoding=\"async\" src=\"https:\/\/www.itra.be\/wp-content\/uploads\/2022\/01\/Itra_2-scaled-400x400.jpg\" alt=\"\" srcset=\"https:\/\/www.itra.be\/wp-content\/uploads\/2022\/01\/Itra_2-scaled-400x400.jpg 400w, https:\/\/www.itra.be\/wp-content\/uploads\/2022\/01\/Itra_2-150x150.jpg 150w\" width=\"400\" height=\"400\"><\/div><\/figure>[\/vc_column_inner][vc_column_inner width=\u00a0\u00bb1\/2&Prime; css=\u00a0\u00bb.vc_custom_1622120477515{padding-right: 100px !important;padding-left: 5px !important;}\u00a0\u00bb]<h3 class=\"vcex-heading vcex-heading-plain vcex-module wpex-heading wpex-text-2xl wpex-h3\"><span class=\"vcex-heading-inner wpex-inline-block\">ITRA = Qualit\u00e9 fiable<\/span><\/h3>[vc_column_text]Les machines d&#8217;emballage de BVM sont d&rsquo;une qualit\u00e9 allemande convoit\u00e9e.<br \/>\nLes syst\u00e8mes de convoyage ITRA en sont le prolongement : robustes et de qualit\u00e9 sup\u00e9rieure.<br \/>\nGr\u00e2ce \u00e0 une conception r\u00e9fl\u00e9chie et \u00e0 l&rsquo;utilisation de composants de qualit\u00e9, ITRA construit des syst\u00e8mes de convoyage qui peuvent fonctionner pendant de nombreuses ann\u00e9es sans entretien de remplacement.<\/p>\n<p>Il en r\u00e9sulte une continuit\u00e9 de production tr\u00e8s fiable.[\/vc_column_text][\/vc_column_inner][\/vc_row_inner]<div class=\"vcex-spacing wpex-w-100 wpex-clear\" style=\"height:60px;\"><\/div>[vc_row_inner content_placement=\u00a0\u00bbmiddle\u00a0\u00bb][vc_column_inner width=\u00a0\u00bb1\/2&Prime; css=\u00a0\u00bb.vc_custom_1622120510632{padding-right: 100px !important;padding-left: 30px !important;}\u00a0\u00bb]<h3 class=\"vcex-heading vcex-heading-plain vcex-module wpex-heading wpex-text-2xl wpex-h3\"><span class=\"vcex-heading-inner wpex-inline-block\">ITRA = Service fiable<\/span><\/h3>[vc_column_text]ITRA consid\u00e8re le service comme une noble obligation envers ses clients et jouit donc d&rsquo;une excellente r\u00e9putation sur le march\u00e9.<\/p>\n<p>Nous sommes ouverts toute l&rsquo;ann\u00e9e, offrons une assistance t\u00e9l\u00e9phonique gratuite et d\u00e9ployons des ing\u00e9nieurs de haut niveau ayant de nombreuses ann\u00e9es d&rsquo;exp\u00e9rience pour les interventions de maintenance urgentes.<\/p>\n<p>Nous maintenons un stock actif et \u00e9tendu de pi\u00e8ces d\u00e9tach\u00e9es.[\/vc_column_text][\/vc_column_inner][vc_column_inner width=\u00a0\u00bb1\/2&Prime;]<figure class=\"vcex-image vcex-module  wpb_animate_when_almost_visible wpb_fadeIn fadeIn\"><div class=\"vcex-image-inner wpex-relative wpex-inline-block\"><img loading=\"lazy\" class=\"vcex-image-img wpex-align-middle\" decoding=\"async\" src=\"https:\/\/www.itra.be\/wp-content\/uploads\/2022\/01\/Itra_30-400x600.jpg\" alt=\"\" width=\"400\" height=\"600\"><\/div><\/figure>[\/vc_column_inner][\/vc_row_inner]<div class=\"vcex-spacing wpex-w-100 wpex-clear\" style=\"height:60px;\"><\/div>[vc_row_inner content_placement=\u00a0\u00bbmiddle\u00a0\u00bb][vc_column_inner width=\u00a0\u00bb1\/2&Prime;]<figure class=\"vcex-image vcex-module  wpb_animate_when_almost_visible wpb_fadeIn fadeIn\"><div class=\"vcex-image-inner wpex-relative wpex-inline-block\"><img loading=\"lazy\" class=\"vcex-image-img wpex-align-middle\" decoding=\"async\" src=\"https:\/\/www.itra.be\/wp-content\/uploads\/2022\/01\/Itra_37-510x400.jpg\" alt=\"\" width=\"510\" height=\"400\"><\/div><\/figure>[\/vc_column_inner][vc_column_inner width=\u00a0\u00bb1\/2&Prime; css=\u00a0\u00bb.vc_custom_1622121195233{padding-right: 120px !important;padding-left: 60px !important;}\u00a0\u00bb]<h3 class=\"vcex-heading vcex-heading-plain vcex-module wpex-heading wpex-text-2xl wpex-h3\"><span class=\"vcex-heading-inner wpex-inline-block\">ITRA = Garantie fiable<\/span><\/h3>[vc_column_text]Nous tenons nos promesses en mati\u00e8re de garanties et nous optimisons gratuitement tout probl\u00e8me de d\u00e9marrage.[\/vc_column_text][\/vc_column_inner][\/vc_row_inner]<div class=\"vcex-spacing wpex-w-100 wpex-clear\" style=\"height:60px;\"><\/div>[vc_column_text text_align=\u00a0\u00bbcenter\u00a0\u00bb]\n<blockquote><p>Vous devez tout simplement utiliser ITRA lorsque la fiabilit\u00e9 op\u00e9rationnelle est un imp\u00e9ratif.<\/p><\/blockquote>\n[\/vc_column_text]<div class=\"vcex-spacing wpex-w-100 wpex-clear\" style=\"height:100px;\"><\/div>[\/vc_column][\/vc_row]\n<\/div>","protected":false},"excerpt":{"rendered":"<p>[vc_row][vc_column][vc_column_text text_align=\u00a0\u00bbcenter\u00a0\u00bb width=\u00a0\u00bb60%\u00a0\u00bb el_class=\u00a0\u00bbintro\u00a0\u00bb]ITRA a d\u00e9j\u00e0 20 ans d&rsquo;exp\u00e9rience dans les syst\u00e8mes de convoyage et les machines d&#8217;emballage. Nos recommandations se caract\u00e9risent par un haut niveau d&rsquo;expertise sp\u00e9cialis\u00e9e et par une approche constructive dans la recherche de solutions avec nos clients. Cela signifie que nous d\u00e9veloppons des syst\u00e8mes de convoyage standard et hautement personnalis\u00e9s.[\/vc_column_text][vc_row_inner content_placement=\u00a0\u00bbmiddle\u00a0\u00bb][vc_column_inner&hellip;<\/p>\n","protected":false},"author":1,"featured_media":0,"parent":0,"menu_order":0,"comment_status":"closed","ping_status":"open","template":"","meta":{"_seopress_robots_primary_cat":"","_seopress_titles_title":"","_seopress_titles_desc":"","_seopress_robots_index":"","footnotes":""},"class_list":["post-6406","page","type-page","status-publish","hentry","entry","no-media"],"_links":{"self":[{"href":"https:\/\/www.itra.be\/fr\/wp-json\/wp\/v2\/pages\/6406","targetHints":{"allow":["GET"]}}],"collection":[{"href":"https:\/\/www.itra.be\/fr\/wp-json\/wp\/v2\/pages"}],"about":[{"href":"https:\/\/www.itra.be\/fr\/wp-json\/wp\/v2\/types\/page"}],"author":[{"embeddable":true,"href":"https:\/\/www.itra.be\/fr\/wp-json\/wp\/v2\/users\/1"}],"replies":[{"embeddable":true,"href":"https:\/\/www.itra.be\/fr\/wp-json\/wp\/v2\/comments?post=6406"}],"version-history":[{"count":4,"href":"https:\/\/www.itra.be\/fr\/wp-json\/wp\/v2\/pages\/6406\/revisions"}],"predecessor-version":[{"id":6809,"href":"https:\/\/www.itra.be\/fr\/wp-json\/wp\/v2\/pages\/6406\/revisions\/6809"}],"wp:attachment":[{"href":"https:\/\/www.itra.be\/fr\/wp-json\/wp\/v2\/media?parent=6406"}],"curies":[{"name":"wp","href":"https:\/\/api.w.org\/{rel}","templated":true}]}}