{"id":6408,"date":"2021-05-14T15:49:00","date_gmt":"2021-05-14T15:49:00","guid":{"rendered":"https:\/\/www.itra.be\/machines-demballage\/"},"modified":"2023-02-20T15:30:01","modified_gmt":"2023-02-20T15:30:01","slug":"machines-demballage","status":"publish","type":"page","link":"https:\/\/www.itra.be\/fr\/machines-demballage\/","title":{"rendered":"Machines d&#8217;emballage"},"content":{"rendered":"<div class=\"wpb-content-wrapper\">[vc_row][vc_column]<div class=\"vcex-spacing wpex-w-100 wpex-clear\" style=\"height:80px;\"><\/div><h1 class=\"vcex-heading vcex-heading-plain vcex-module wpex-heading wpex-text-2xl wpex-h1 wpex-text-center\"><span class=\"vcex-heading-inner wpex-inline-block\">Machines d'emballage<\/span><\/h1><div class=\"vcex-spacing wpex-w-100 wpex-clear\"><\/div>[vc_column_text text_align=\u00a0\u00bbcenter\u00a0\u00bb el_class=\u00a0\u00bbintro\u00a0\u00bb width=\u00a0\u00bb60%\u00a0\u00bb]ITRA est le distributeur exclusif de la soci\u00e9t\u00e9 allemande  <a href=\"https:\/\/www.bvm-brunner.de\/en.html\" target=\"_blank\" rel=\"noopener\">BVM Brunner GmbH u. Co. KG<\/a>  et est le leader du march\u00e9 belge dans le domaine de la vente de machines \u00e0 film r\u00e9tractable.<\/p>\n<p>En tant qu&rsquo;acteur international, BVM Brunner produit des machines d&#8217;emballage de tr\u00e8s haute qualit\u00e9 allemande, innovantes et standardis\u00e9es ou personnalis\u00e9es en fonction des sp\u00e9cifications du client.[\/vc_column_text][\/vc_column][\/vc_row][vc_row][vc_column]<div class=\"vcex-spacing wpex-w-100 wpex-clear\" style=\"height:80px;\"><\/div><figure class=\"vcex-image vcex-module wpex-text-center  wpb_animate_when_almost_visible wpb_fadeIn fadeIn\"><div class=\"vcex-image-inner wpex-relative wpex-inline-block\"><img loading=\"lazy\" class=\"vcex-image-img wpex-align-middle\" decoding=\"async\" src=\"https:\/\/www.itra.be\/wp-content\/uploads\/2022\/02\/packing-machine-for-loaves-bread-stockpack-adobe-stock-1000x600.jpg\" alt=\"\" width=\"1000\" height=\"600\"><\/div><\/figure><div class=\"vcex-spacing wpex-w-100 wpex-clear\"><\/div><style>.vcex-button.vcex_69ea3749305df{background:var(--wpex-palette-21-color);}<\/style><div class=\"theme-button-wrap textcenter theme-button-block-wrap wpex-block wpex-clear wpex-clr\"><a href=\"#\" class=\"vcex-button theme-button align-center block vcex_69ea3749305df\"><span class=\"vcex-button-inner theme-button-inner wpex-flex wpex-flex-wrap wpex-items-center wpex-justify-center\">Contact<span class=\"vcex-button-icon vcex-icon-wrap theme-button-icon-right\"><span aria-hidden=\"true\" class=\"vc-material vc-material-arrow_forward\"><\/span><\/span><\/span><\/a><\/div> <div class=\"vcex-spacing wpex-w-100 wpex-clear\" style=\"height:80px;\"><\/div>[\/vc_column][\/vc_row][vc_row][vc_column width=\u00a0\u00bb1\/2&Prime;]<figure class=\"vcex-image vcex-module  wpb_animate_when_almost_visible wpb_fadeIn fadeIn\"><div class=\"vcex-image-inner wpex-relative wpex-inline-block vc_custom_1643890009878\"><img width=\"1000\" height=\"667\" src=\"https:\/\/www.itra.be\/wp-content\/uploads\/2022\/02\/food-packing-stockpack-adobe-stock.jpg\" class=\"vcex-image-img wpex-align-middle\" alt=\"\" loading=\"lazy\" decoding=\"async\" srcset=\"https:\/\/www.itra.be\/wp-content\/uploads\/2022\/02\/food-packing-stockpack-adobe-stock.jpg 1000w, https:\/\/www.itra.be\/wp-content\/uploads\/2022\/02\/food-packing-stockpack-adobe-stock-300x200.jpg 300w, https:\/\/www.itra.be\/wp-content\/uploads\/2022\/02\/food-packing-stockpack-adobe-stock-768x512.jpg 768w\" sizes=\"auto, (max-width: 1000px) 100vw, 1000px\" \/><\/div><\/figure><figure class=\"vcex-image vcex-module wpex-text-right  wpb_animate_when_almost_visible wpb_fadeIn fadeIn\"><div class=\"vcex-image-inner wpex-relative wpex-inline-block vc_custom_1643890050108\"><img loading=\"lazy\" class=\"vcex-image-img wpex-align-middle\" decoding=\"async\" src=\"https:\/\/www.itra.be\/wp-content\/uploads\/2022\/02\/packaging-machine-parts-stockpack-adobe-stock-400x400.jpg\" alt=\"\" srcset=\"https:\/\/www.itra.be\/wp-content\/uploads\/2022\/02\/packaging-machine-parts-stockpack-adobe-stock-400x400.jpg 400w, https:\/\/www.itra.be\/wp-content\/uploads\/2022\/02\/packaging-machine-parts-stockpack-adobe-stock-150x150.jpg 150w\" width=\"400\" height=\"400\"><\/div><\/figure>[\/vc_column][vc_column width=\u00a0\u00bb1\/2&Prime; css=\u00a0\u00bb.vc_custom_1643889846646{padding-right: 30px !important;padding-left: 30px !important;}\u00a0\u00bb]<h3 class=\"vcex-heading vcex-heading-plain vcex-module wpex-heading wpex-text-2xl wpex-h3\"><span class=\"vcex-heading-inner wpex-inline-block\">La m\u00e9thode Itra<\/span><\/h3><div class=\"vcex-spacing wpex-w-100 wpex-clear\"><\/div>[vc_column_text width=\u00a0\u00bb80%\u00a0\u00bb align=\u00a0\u00bbleft\u00a0\u00bb]L&rsquo;innovation permanente et les derni\u00e8res technologies de pointe garantissent une tr\u00e8s grande fiabilit\u00e9 op\u00e9rationnelle.<\/p>\n<p>ITRA compl\u00e8te ce dispositif par une \u00e9quipe d&rsquo;experts tr\u00e8s exp\u00e9riment\u00e9s qui se d\u00e9ploie pour conseiller le client et lui fournir un excellent service.<\/p>\n<p>BVM propose une large gamme de machines d&#8217;emballage automatis\u00e9es et de tunnels de r\u00e9traction permettant d&#8217;emballer une large gamme de produits.<\/p>\n<p class=\"bodytext\">L&rsquo;innovation permanente et les derni\u00e8res avanc\u00e9es technologiques garantissent une grande fiabilit\u00e9, tant au niveau de la fabrication que du service.<\/p>\n<p>ITRA dispose d&rsquo;une \u00e9quipe d&rsquo;experts tr\u00e8s exp\u00e9riment\u00e9s qui peuvent \u00eatre mis \u00e0 contribution pour fournir une assistance au client et s\u00e9lectionner la bonne machine et les options pertinentes.<\/p>\n<p>Ensuite, un service garanti suivra gr\u00e2ce \u00e0 de multiples interventions d\u00e9ployables et \u00e0 des \u00e9quipes de maintenance avec, par exemple, une assistance t\u00e9l\u00e9phonique quotidienne gratuite.[\/vc_column_text]<div class=\"vcex-spacing wpex-w-100 wpex-clear\" style=\"height:20vh;\"><\/div>[\/vc_column][\/vc_row][vc_row css=\u00a0\u00bb.vc_custom_1643892433327{padding-top: 100px !important;padding-bottom: 100px !important;}\u00a0\u00bb][vc_column][vc_row_inner content_placement=\u00a0\u00bbmiddle\u00a0\u00bb][vc_column_inner width=\u00a0\u00bb2\/3&Prime;]<h4 class=\"vcex-heading vcex-heading-plain vcex-module wpex-heading wpex-text-2xl wpex-h4 related-title\"><span class=\"vcex-heading-inner wpex-inline-block\">D\u00e9couvrez nos produits d'emballage<\/span><\/h4>[\/vc_column_inner][vc_column_inner width=\u00a0\u00bb1\/3&Prime;]<a href=\"\/contact\/\" class=\"vcex-button theme-button outline align-right inline\"><span class=\"vcex-button-inner theme-button-inner wpex-flex wpex-flex-wrap wpex-items-center wpex-justify-center\">Nous contacter<span class=\"vcex-button-icon vcex-icon-wrap theme-button-icon-right\"><span aria-hidden=\"true\" class=\"vc-material vc-material-arrow_forward\"><\/span><\/span><\/span><\/a> [\/vc_column_inner][\/vc_row_inner]<div class=\"vcex-spacing wpex-w-100 wpex-clear\" style=\"height:60px;\"><\/div><div class=\"wpex-post-cards wpex-post-cards-product-itra vcex_69ea3749346bd wpex-relative\"><div class=\"wpex-post-cards-inner\"><style class=\"vcex-carousel-preload-css\">.vcex_69ea3749346bd .wpex-posts-card-carousel{--wpex-carousel-gap:30px;}.vcex_69ea3749346bd .wpex-posts-card-carousel{--wpex-carousel-columns:1;}.vcex_69ea3749346bd .wpex-posts-card-carousel.wpex-carousel:not(.wpex-carousel--loaded) > *:not(:nth-child(1n+2)){display: flex !important;}@media only screen and (min-width: 480px) {.vcex_69ea3749346bd .wpex-posts-card-carousel{--wpex-carousel-columns:2;}.vcex_69ea3749346bd .wpex-posts-card-carousel.wpex-carousel:not(.wpex-carousel--loaded) > *:not(:nth-child(1n+3)){display: flex !important;}}@media only screen and (min-width: 768px) {.vcex_69ea3749346bd .wpex-posts-card-carousel{--wpex-carousel-columns:3;}.vcex_69ea3749346bd .wpex-posts-card-carousel.wpex-carousel:not(.wpex-carousel--loaded) > *:not(:nth-child(1n+4)){display: flex !important;}}@media only screen and (min-width: 960px) {.vcex_69ea3749346bd .wpex-posts-card-carousel{--wpex-carousel-columns:3;}.vcex_69ea3749346bd .wpex-posts-card-carousel.wpex-carousel:not(.wpex-carousel--loaded) > *:not(:nth-child(1n+4)){display: flex !important;}}<\/style><div class=\"wpex-post-cards-loop wpex-posts-card-carousel wpex-carousel owl-carousel wpex-carousel--render-onload wpex-carousel--flex wpex-carousel--offset-fix arrwstyle-default arrwpos-default\" data-wpex-carousel='{&quot;slideBy&quot;:1,&quot;margin&quot;:30,&quot;items&quot;:3,&quot;responsive&quot;:{&quot;0&quot;:{&quot;items&quot;:&quot;1&quot;},&quot;480&quot;:{&quot;items&quot;:&quot;2&quot;},&quot;768&quot;:{&quot;items&quot;:&quot;3&quot;},&quot;960&quot;:{&quot;items&quot;:3}}}'><div class=\"wpex-post-cards-entry wpex-carousel-slide post-6775 type-page\"><div class=\"wpex-card wpex-card-product-itra\"><div class=\"wpex-card-inner wpex-text-center wpex-relative itra-card\"><div class=\"wpex-card-media overlay-parent overlay-parent-1\"><div class=\"wpex-card-thumbnail wpex-relative\"><a href=\"https:\/\/www.itra.be\/fr\/machines-demballage\/machines-demballage-en-carton\/\"><img data-no-lazy=\"1\" class=\"wpex-align-middle skip-lazy\" alt=\"Machines d&#8217;emballage en carton\" src=\"https:\/\/www.itra.be\/wp-content\/uploads\/2022\/06\/Lebensmittel-2-350x360.jpeg\" width=\"350\" height=\"360\"><\/a><\/div><\/div><div class=\"wpex-card-details wpex-last-mb-0\"><a class=\"itra-card-link\" href=\"https:\/\/www.itra.be\/fr\/machines-demballage\/machines-demballage-en-carton\/\"><\/a><h2 class=\"wpex-card-title wpex-heading wpex-text-md wpex-mb-5\"><a href=\"https:\/\/www.itra.be\/fr\/machines-demballage\/machines-demballage-en-carton\/\">Machines d&#8217;emballage en carton<\/a><\/h2><div class=\"wpex-card-excerpt wpex-last-mb-0 itra-card-excerpt wpex-text-md wpex-mb-5\"><a href=\"https:\/\/www.itra.be\/fr\/machines-demballage\/machines-demballage-en-carton\/\"><p>ITRA construit des syst\u00e8mes de convoyeurs internes standard et personnalis\u00e9s.<br \/>\nIng\u00e9nierie de conception 3D<br \/>\nRobuste<br \/>\nComposants de haute qualit\u00e9<br \/>\n20 ans d&rsquo;expertise<\/p>\n<\/a><\/div><\/div><\/div><\/div><\/div><div class=\"wpex-post-cards-entry wpex-carousel-slide post-6685 type-page\"><div class=\"wpex-card wpex-card-product-itra\"><div class=\"wpex-card-inner wpex-text-center wpex-relative itra-card\"><div class=\"wpex-card-media overlay-parent overlay-parent-1\"><div class=\"wpex-card-thumbnail wpex-relative\"><a href=\"https:\/\/www.itra.be\/fr\/machines-demballage\/machines-demballage-a-coussin-dair\/\"><img data-no-lazy=\"1\" class=\"wpex-align-middle skip-lazy\" alt=\"Machines d&#8217;emballage \u00e0 coussin d&rsquo;air\" src=\"https:\/\/www.itra.be\/wp-content\/uploads\/2022\/06\/Maschine-350x360.jpg\" width=\"350\" height=\"360\"><\/a><\/div><\/div><div class=\"wpex-card-details wpex-last-mb-0\"><a class=\"itra-card-link\" href=\"https:\/\/www.itra.be\/fr\/machines-demballage\/machines-demballage-a-coussin-dair\/\"><\/a><h2 class=\"wpex-card-title wpex-heading wpex-text-md wpex-mb-5\"><a href=\"https:\/\/www.itra.be\/fr\/machines-demballage\/machines-demballage-a-coussin-dair\/\">Machines d&#8217;emballage \u00e0 coussin d&rsquo;air<\/a><\/h2><div class=\"wpex-card-excerpt wpex-last-mb-0 itra-card-excerpt wpex-text-md wpex-mb-5\"><a href=\"https:\/\/www.itra.be\/fr\/machines-demballage\/machines-demballage-a-coussin-dair\/\"><p>ITRA construit des syst\u00e8mes de convoyeurs internes standard et personnalis\u00e9s.<br \/>\nIng\u00e9nierie de conception 3D<br \/>\nRobuste<br \/>\nComposants de haute qualit\u00e9<br \/>\n20 ans d&rsquo;expertise<\/p>\n<\/a><\/div><\/div><\/div><\/div><\/div><div class=\"wpex-post-cards-entry wpex-carousel-slide post-6777 type-page\"><div class=\"wpex-card wpex-card-product-itra\"><div class=\"wpex-card-inner wpex-text-center wpex-relative itra-card\"><div class=\"wpex-card-media overlay-parent overlay-parent-1\"><div class=\"wpex-card-thumbnail wpex-relative\"><a href=\"https:\/\/www.itra.be\/fr\/machines-demballage\/machines-a-emballer-le-papier\/\"><img data-no-lazy=\"1\" class=\"wpex-align-middle skip-lazy\" alt=\"Machines \u00e0 emballer le papier\" src=\"https:\/\/www.itra.be\/wp-content\/uploads\/2022\/06\/Papertec09.21-350x360.png\" width=\"350\" height=\"360\"><\/a><\/div><\/div><div class=\"wpex-card-details wpex-last-mb-0\"><a class=\"itra-card-link\" href=\"https:\/\/www.itra.be\/fr\/machines-demballage\/machines-a-emballer-le-papier\/\"><\/a><h2 class=\"wpex-card-title wpex-heading wpex-text-md wpex-mb-5\"><a href=\"https:\/\/www.itra.be\/fr\/machines-demballage\/machines-a-emballer-le-papier\/\">Machines \u00e0 emballer le papier<\/a><\/h2><div class=\"wpex-card-excerpt wpex-last-mb-0 itra-card-excerpt wpex-text-md wpex-mb-5\"><a href=\"https:\/\/www.itra.be\/fr\/machines-demballage\/machines-a-emballer-le-papier\/\"><p>ITRA construit des syst\u00e8mes de convoyeurs internes standard et personnalis\u00e9s.<br \/>\nIng\u00e9nierie de conception 3D<br \/>\nRobuste<br \/>\nComposants de haute qualit\u00e9<br \/>\n20 ans d&rsquo;expertise<\/p>\n<\/a><\/div><\/div><\/div><\/div><\/div><div class=\"wpex-post-cards-entry wpex-carousel-slide post-6560 type-page\"><div class=\"wpex-card wpex-card-product-itra\"><div class=\"wpex-card-inner wpex-text-center wpex-relative itra-card\"><div class=\"wpex-card-media overlay-parent overlay-parent-1\"><div class=\"wpex-card-thumbnail wpex-relative\"><a href=\"https:\/\/www.itra.be\/fr\/machines-demballage\/film-demballage\/\"><img data-no-lazy=\"1\" class=\"wpex-align-middle skip-lazy\" alt=\"Film d&#8217;emballage\" src=\"https:\/\/www.itra.be\/wp-content\/uploads\/2022\/06\/UebersichtHeader-scaled-1-350x360.jpg\" width=\"350\" height=\"360\"><\/a><\/div><\/div><div class=\"wpex-card-details wpex-last-mb-0\"><a class=\"itra-card-link\" href=\"https:\/\/www.itra.be\/fr\/machines-demballage\/film-demballage\/\"><\/a><h2 class=\"wpex-card-title wpex-heading wpex-text-md wpex-mb-5\"><a href=\"https:\/\/www.itra.be\/fr\/machines-demballage\/film-demballage\/\">Film d&#8217;emballage<\/a><\/h2><div class=\"wpex-card-excerpt wpex-last-mb-0 itra-card-excerpt wpex-text-md wpex-mb-5\"><a href=\"https:\/\/www.itra.be\/fr\/machines-demballage\/film-demballage\/\"><p>ITRA construit des syst\u00e8mes de convoyeurs internes standard et personnalis\u00e9s.<br \/>\nIng\u00e9nierie de conception 3D<br \/>\nRobuste<br \/>\nComposants de haute qualit\u00e9<br \/>\n20 ans d&rsquo;expertise<\/p>\n<\/a><\/div><\/div><\/div><\/div><\/div><\/div><\/div><\/div>[\/vc_column][\/vc_row]\n<\/div>","protected":false},"excerpt":{"rendered":"<p>[vc_row][vc_column][vc_column_text text_align=\u00a0\u00bbcenter\u00a0\u00bb el_class=\u00a0\u00bbintro\u00a0\u00bb width=\u00a0\u00bb60%\u00a0\u00bb]ITRA est le distributeur exclusif de la soci\u00e9t\u00e9 allemande BVM Brunner GmbH u. Co. KG et est le leader du march\u00e9 belge dans le domaine de la vente de machines \u00e0 film r\u00e9tractable. En tant qu&rsquo;acteur international, BVM Brunner produit des machines d&#8217;emballage de tr\u00e8s haute qualit\u00e9 allemande, innovantes et standardis\u00e9es ou&hellip;<\/p>\n","protected":false},"author":1,"featured_media":6341,"parent":0,"menu_order":0,"comment_status":"closed","ping_status":"open","template":"","meta":{"_seopress_robots_primary_cat":"","_seopress_titles_title":"","_seopress_titles_desc":"","_seopress_robots_index":"","footnotes":""},"class_list":["post-6408","page","type-page","status-publish","has-post-thumbnail","hentry","entry","has-media"],"_links":{"self":[{"href":"https:\/\/www.itra.be\/fr\/wp-json\/wp\/v2\/pages\/6408","targetHints":{"allow":["GET"]}}],"collection":[{"href":"https:\/\/www.itra.be\/fr\/wp-json\/wp\/v2\/pages"}],"about":[{"href":"https:\/\/www.itra.be\/fr\/wp-json\/wp\/v2\/types\/page"}],"author":[{"embeddable":true,"href":"https:\/\/www.itra.be\/fr\/wp-json\/wp\/v2\/users\/1"}],"replies":[{"embeddable":true,"href":"https:\/\/www.itra.be\/fr\/wp-json\/wp\/v2\/comments?post=6408"}],"version-history":[{"count":2,"href":"https:\/\/www.itra.be\/fr\/wp-json\/wp\/v2\/pages\/6408\/revisions"}],"predecessor-version":[{"id":6420,"href":"https:\/\/www.itra.be\/fr\/wp-json\/wp\/v2\/pages\/6408\/revisions\/6420"}],"wp:featuredmedia":[{"embeddable":true,"href":"https:\/\/www.itra.be\/fr\/wp-json\/wp\/v2\/media\/6341"}],"wp:attachment":[{"href":"https:\/\/www.itra.be\/fr\/wp-json\/wp\/v2\/media?parent=6408"}],"curies":[{"name":"wp","href":"https:\/\/api.w.org\/{rel}","templated":true}]}}