{"id":6427,"date":"2021-08-13T08:49:56","date_gmt":"2021-08-13T08:49:56","guid":{"rendered":"https:\/\/www.itra.be\/credits\/"},"modified":"2023-02-20T15:30:01","modified_gmt":"2023-02-20T15:30:01","slug":"credits","status":"publish","type":"page","link":"https:\/\/www.itra.be\/fr\/credits\/","title":{"rendered":"Cr\u00e9dits"},"content":{"rendered":"<div class=\"wpb-content-wrapper\">[vc_row][vc_column]<div class=\"vcex-spacing wpex-w-100 wpex-clear\" style=\"height:80px;\"><\/div><h1 class=\"vcex-heading vcex-heading-plain vcex-module wpex-heading wpex-text-2xl wpex-h1 wpex-text-center\"><span class=\"vcex-heading-inner wpex-inline-block\">Cr\u00e9dits<\/span><\/h1><div class=\"vcex-spacing wpex-w-100 wpex-clear\" style=\"height:80px;\"><\/div>[vc_row_inner content_placement=\u00a0\u00bbmiddle\u00a0\u00bb][vc_column_inner width=\u00a0\u00bb1\/2&Prime;]<figure class=\"vcex-image vcex-module  wpb_animate_when_almost_visible wpb_fadeIn fadeIn\"><div class=\"vcex-image-inner wpex-relative wpex-inline-block\"><img loading=\"lazy\" class=\"vcex-image-img wpex-align-middle\" decoding=\"async\" src=\"https:\/\/www.itra.be\/wp-content\/uploads\/2021\/08\/bretel-bureau-930x1050-1-400x600.jpg\" alt=\"\" width=\"400\" height=\"600\"><\/div><\/figure>[\/vc_column_inner][vc_column_inner width=\u00a0\u00bb1\/2&Prime; css=\u00a0\u00bb.vc_custom_1622120510632{padding-right: 100px !important;padding-left: 30px !important;}\u00a0\u00bb][vc_column_text]\n<h3 style=\"text-align: left;\"><strong>BRETEL (Bertel Mertens)<\/strong><\/h3>\n<p>BRETEL est sp\u00e9cialis\u00e9 dans le d\u00e9veloppement de sites web en WordPress, le CMS le plus utilis\u00e9 dans le monde (37% de tous les sites dans le monde l&rsquo;utilisent). Il se pr\u00eate \u00e0 la cr\u00e9ation de sites web complexes et sur mesure. Il est facilement extensible et facile \u00e0 g\u00e9rer par l&rsquo;utilisateur final. BRETEL est \u00e9galement le premier partenaire belge de Kinsta, une soci\u00e9t\u00e9 d&rsquo;h\u00e9bergement sp\u00e9cialis\u00e9e dans l'\u00a0\u00bbh\u00e9bergement WordPress g\u00e9r\u00e9\u00a0\u00bb. Contactez Bertel \u00e0 <a href=\"mailto:info@bretel.net\">info@bretel.net<\/a> ou visitez son portfolio \u00e0 <a href=\"https:\/\/www.bretel.website\">www.bretel.website<\/a>.[\/vc_column_text][\/vc_column_inner][\/vc_row_inner]<div class=\"vcex-spacing wpex-w-100 wpex-clear\" style=\"height:60px;\"><\/div>[\/vc_column][\/vc_row]\n<\/div>","protected":false},"excerpt":{"rendered":"<p>[vc_row][vc_column][vc_row_inner content_placement=\u00a0\u00bbmiddle\u00a0\u00bb][vc_column_inner width=\u00a0\u00bb1\/2&Prime;][\/vc_column_inner][vc_column_inner width=\u00a0\u00bb1\/2&Prime; css=\u00a0\u00bb.vc_custom_1622120510632{padding-right: 100px !important;padding-left: 30px !important;}\u00a0\u00bb][vc_column_text] BRETEL (Bertel Mertens) BRETEL est sp\u00e9cialis\u00e9 dans le d\u00e9veloppement de sites web en WordPress, le CMS le plus utilis\u00e9 dans le monde (37% de tous les sites dans le monde l&rsquo;utilisent). Il se pr\u00eate \u00e0 la cr\u00e9ation de sites web complexes et sur mesure. Il est&hellip;<\/p>\n","protected":false},"author":1,"featured_media":0,"parent":0,"menu_order":0,"comment_status":"closed","ping_status":"open","template":"","meta":{"_seopress_robots_primary_cat":"","_seopress_titles_title":"","_seopress_titles_desc":"","_seopress_robots_index":"","footnotes":""},"class_list":["post-6427","page","type-page","status-publish","hentry","entry","no-media"],"_links":{"self":[{"href":"https:\/\/www.itra.be\/fr\/wp-json\/wp\/v2\/pages\/6427","targetHints":{"allow":["GET"]}}],"collection":[{"href":"https:\/\/www.itra.be\/fr\/wp-json\/wp\/v2\/pages"}],"about":[{"href":"https:\/\/www.itra.be\/fr\/wp-json\/wp\/v2\/types\/page"}],"author":[{"embeddable":true,"href":"https:\/\/www.itra.be\/fr\/wp-json\/wp\/v2\/users\/1"}],"replies":[{"embeddable":true,"href":"https:\/\/www.itra.be\/fr\/wp-json\/wp\/v2\/comments?post=6427"}],"version-history":[{"count":5,"href":"https:\/\/www.itra.be\/fr\/wp-json\/wp\/v2\/pages\/6427\/revisions"}],"predecessor-version":[{"id":6898,"href":"https:\/\/www.itra.be\/fr\/wp-json\/wp\/v2\/pages\/6427\/revisions\/6898"}],"wp:attachment":[{"href":"https:\/\/www.itra.be\/fr\/wp-json\/wp\/v2\/media?parent=6427"}],"curies":[{"name":"wp","href":"https:\/\/api.w.org\/{rel}","templated":true}]}}