{"id":6450,"date":"2022-03-09T16:02:37","date_gmt":"2022-03-09T16:02:37","guid":{"rendered":"https:\/\/www.itra.be\/courroies-transporteuses\/tours-en-spirale\/"},"modified":"2023-02-20T15:30:01","modified_gmt":"2023-02-20T15:30:01","slug":"tours-en-spirale","status":"publish","type":"page","link":"https:\/\/www.itra.be\/fr\/courroies-transporteuses\/tours-en-spirale\/","title":{"rendered":"Tours en spirale"},"content":{"rendered":"<div class=\"wpb-content-wrapper\">[vc_row][vc_column][vc_column_text text_align=\u00a0\u00bbcenter\u00a0\u00bb el_class=\u00a0\u00bbintro\u00a0\u00bb]ITRA produit des tours en spirale qui sont \u00e9galement appel\u00e9es bande transporteuse en spirale, tours de levage ou bande transporteuse \u00e0 lattes en spirale.<br \/>\nLe nom du produit est SPIRITRA \u00ae et il s&rsquo;agit d&rsquo;une bande transporteuse \u00e0 lamelles robuste qui permet de combler les diff\u00e9rences de hauteur tout en conservant la continuit\u00e9 du flux de produits ou de servir de syst\u00e8me tampon.<br \/>\nLes dimensions sont toutes aussi compactes que celles d&rsquo;un ascenseur, avec l&rsquo;avantage consid\u00e9rable que le flux logistique n&rsquo;est pas interrompu.[\/vc_column_text][\/vc_column][\/vc_row][vc_row][vc_column width=\u00a0\u00bb1\/2&Prime;][vc_column_text]En fonction des applications, il est possible de fournir des spirales comportant 10 enroulements avec une hauteur maximale \u00e0 franchir d&rsquo;environ 7 m. Plusieurs configurations par rapport \u00e0 la sortie sont possibles, c&rsquo;est-\u00e0-dire que la sortie est situ\u00e9e dans le prolongement de l&rsquo;entr\u00e9e ou, plut\u00f4t, elle est tourn\u00e9e de 90\u00b0, 180\u00b0, 270\u00b0 ou 360\u00b0, mais un angle adapt\u00e9 \u00e0 votre situation est \u00e9galement possible.[\/vc_column_text][\/vc_column][vc_column width=\u00a0\u00bb1\/2&Prime;][vc_column_text]Gr\u00e2ce \u00e0 un syst\u00e8me d&rsquo;entra\u00eenement et de guidage bien \u00e9tudi\u00e9, il est possible de construire des spirales qui r\u00e9pondent aux exigences les plus \u00e9lev\u00e9es.<\/p>\n<p>En outre, les lamelles se chevauchent et, par cons\u00e9quent, les trous ne peuvent pas se produire et la SPIRITRA r\u00e9pond \u00e0 toutes les exigences de s\u00e9curit\u00e9.[\/vc_column_text][\/vc_column][\/vc_row]\n<\/div>","protected":false},"excerpt":{"rendered":"<p>[vc_row][vc_column][vc_column_text text_align=\u00a0\u00bbcenter\u00a0\u00bb el_class=\u00a0\u00bbintro\u00a0\u00bb]ITRA produit des tours en spirale qui sont \u00e9galement appel\u00e9es bande transporteuse en spirale, tours de levage ou bande transporteuse \u00e0 lattes en spirale. Le nom du produit est SPIRITRA \u00ae et il s&rsquo;agit d&rsquo;une bande transporteuse \u00e0 lamelles robuste qui permet de combler les diff\u00e9rences de hauteur tout en conservant la continuit\u00e9&hellip;<\/p>\n","protected":false},"author":1,"featured_media":4173,"parent":6409,"menu_order":2,"comment_status":"closed","ping_status":"closed","template":"","meta":{"_seopress_robots_primary_cat":"","_seopress_titles_title":"","_seopress_titles_desc":"","_seopress_robots_index":"","footnotes":""},"class_list":["post-6450","page","type-page","status-publish","has-post-thumbnail","hentry","entry","has-media"],"_links":{"self":[{"href":"https:\/\/www.itra.be\/fr\/wp-json\/wp\/v2\/pages\/6450","targetHints":{"allow":["GET"]}}],"collection":[{"href":"https:\/\/www.itra.be\/fr\/wp-json\/wp\/v2\/pages"}],"about":[{"href":"https:\/\/www.itra.be\/fr\/wp-json\/wp\/v2\/types\/page"}],"author":[{"embeddable":true,"href":"https:\/\/www.itra.be\/fr\/wp-json\/wp\/v2\/users\/1"}],"replies":[{"embeddable":true,"href":"https:\/\/www.itra.be\/fr\/wp-json\/wp\/v2\/comments?post=6450"}],"version-history":[{"count":2,"href":"https:\/\/www.itra.be\/fr\/wp-json\/wp\/v2\/pages\/6450\/revisions"}],"predecessor-version":[{"id":6453,"href":"https:\/\/www.itra.be\/fr\/wp-json\/wp\/v2\/pages\/6450\/revisions\/6453"}],"up":[{"embeddable":true,"href":"https:\/\/www.itra.be\/fr\/wp-json\/wp\/v2\/pages\/6409"}],"wp:featuredmedia":[{"embeddable":true,"href":"https:\/\/www.itra.be\/fr\/wp-json\/wp\/v2\/media\/4173"}],"wp:attachment":[{"href":"https:\/\/www.itra.be\/fr\/wp-json\/wp\/v2\/media?parent=6450"}],"curies":[{"name":"wp","href":"https:\/\/api.w.org\/{rel}","templated":true}]}}