{"id":6451,"date":"2022-03-07T09:27:43","date_gmt":"2022-03-07T09:27:43","guid":{"rendered":"https:\/\/www.itra.be\/courroies-transporteuses\/convoyeurs-a-lattes\/"},"modified":"2023-02-20T15:30:01","modified_gmt":"2023-02-20T15:30:01","slug":"convoyeurs-a-lattes","status":"publish","type":"page","link":"https:\/\/www.itra.be\/fr\/courroies-transporteuses\/convoyeurs-a-lattes\/","title":{"rendered":"Convoyeurs \u00e0 lattes"},"content":{"rendered":"<div class=\"wpb-content-wrapper\">[vc_row][vc_column][vc_column_text text_align=\u00a0\u00bbcenter\u00a0\u00bb el_class=\u00a0\u00bbintro\u00a0\u00bb]FLEXITRA\u00ae est une bande transporteuse qui peut \u00eatre ing\u00e9nieusement mise en place de mani\u00e8re modulaire et qui pr\u00e9sente peu de transitions.<br \/>\nEn outre, les lamelles se chevauchent de sorte qu&rsquo;il n&rsquo;y a pas de trous et, par cons\u00e9quent, la bande transporteuse \u00e0 lamelles r\u00e9pond \u00e0 toutes les normes de s\u00e9curit\u00e9.<br \/>\nGr\u00e2ce \u00e0 la puissante cha\u00eene \u00e0 lamelles, vous pouvez travailler avec un nombre tr\u00e8s r\u00e9duit d&rsquo;entra\u00eenements.<br \/>\nSur une seule bande transporteuse \u00e0 cha\u00eene, par exemple, il est possible de traiter jusqu&rsquo;\u00e0 3 coudes \u00e0 90\u00b0 et, en fonction de la longueur et de la configuration, une bande transporteuse \u00e0 cha\u00eene peut avoir une longueur allant jusqu&rsquo;\u00e0 50 m\u00e8tres.[\/vc_column_text][\/vc_column][\/vc_row][vc_row][vc_column width=\u00a0\u00bb1\/2&Prime;][vc_column_text]\n<h2>Une grande diversit\u00e9 de produits peut \u00eatre v\u00e9hicul\u00e9e, tels que :<\/h2>\n<ul>\n<li>Bo\u00eetes<\/li>\n<li>Plateaux<\/li>\n<li>Mati\u00e8re imprim\u00e9e<\/li>\n<li>Caisses<\/li>\n<li>Liasses<\/li>\n<li>Conteneurs<\/li>\n<li>Sacs<\/li>\n<li>Livres<\/li>\n<li>&#8230;<\/li>\n<\/ul>\n[\/vc_column_text][\/vc_column][vc_column width=\u00a0\u00bb1\/2&Prime;][vc_column_text]\n<h2>Versions :<\/h2>\n<ul>\n<li>Ces bandes transporteuses \u00e0 tasseaux peuvent \u00eatre fournies en acier rev\u00eatu et en acier inoxydable.<\/li>\n<li>Les lattes sont disponibles en largeurs de 300, 400 et 600 mm.<\/li>\n<li>Notre bureau d&rsquo;\u00e9tudes peut \u00e9galement int\u00e9grer les modules dans les plans d&rsquo;implantation de l&rsquo;usine du client.<\/li>\n<\/ul>\n[\/vc_column_text][\/vc_column][\/vc_row]\n<\/div>","protected":false},"excerpt":{"rendered":"<p>[vc_row][vc_column][vc_column_text text_align=\u00a0\u00bbcenter\u00a0\u00bb el_class=\u00a0\u00bbintro\u00a0\u00bb]FLEXITRA\u00ae est une bande transporteuse qui peut \u00eatre ing\u00e9nieusement mise en place de mani\u00e8re modulaire et qui pr\u00e9sente peu de transitions. En outre, les lamelles se chevauchent de sorte qu&rsquo;il n&rsquo;y a pas de trous et, par cons\u00e9quent, la bande transporteuse \u00e0 lamelles r\u00e9pond \u00e0 toutes les normes de s\u00e9curit\u00e9. Gr\u00e2ce \u00e0 la&hellip;<\/p>\n","protected":false},"author":1,"featured_media":3709,"parent":6409,"menu_order":1,"comment_status":"closed","ping_status":"closed","template":"","meta":{"_seopress_robots_primary_cat":"","_seopress_titles_title":"","_seopress_titles_desc":"","_seopress_robots_index":"","_seopress_analysis_target_kw":"","footnotes":""},"class_list":["post-6451","page","type-page","status-publish","has-post-thumbnail","hentry","entry","has-media"],"_links":{"self":[{"href":"https:\/\/www.itra.be\/fr\/wp-json\/wp\/v2\/pages\/6451","targetHints":{"allow":["GET"]}}],"collection":[{"href":"https:\/\/www.itra.be\/fr\/wp-json\/wp\/v2\/pages"}],"about":[{"href":"https:\/\/www.itra.be\/fr\/wp-json\/wp\/v2\/types\/page"}],"author":[{"embeddable":true,"href":"https:\/\/www.itra.be\/fr\/wp-json\/wp\/v2\/users\/1"}],"replies":[{"embeddable":true,"href":"https:\/\/www.itra.be\/fr\/wp-json\/wp\/v2\/comments?post=6451"}],"version-history":[{"count":2,"href":"https:\/\/www.itra.be\/fr\/wp-json\/wp\/v2\/pages\/6451\/revisions"}],"predecessor-version":[{"id":6455,"href":"https:\/\/www.itra.be\/fr\/wp-json\/wp\/v2\/pages\/6451\/revisions\/6455"}],"up":[{"embeddable":true,"href":"https:\/\/www.itra.be\/fr\/wp-json\/wp\/v2\/pages\/6409"}],"wp:featuredmedia":[{"embeddable":true,"href":"https:\/\/www.itra.be\/fr\/wp-json\/wp\/v2\/media\/3709"}],"wp:attachment":[{"href":"https:\/\/www.itra.be\/fr\/wp-json\/wp\/v2\/media?parent=6451"}],"curies":[{"name":"wp","href":"https:\/\/api.w.org\/{rel}","templated":true}]}}