{"id":6458,"date":"2022-03-09T16:18:53","date_gmt":"2022-03-09T16:18:53","guid":{"rendered":"https:\/\/www.itra.be\/courroies-transporteuses\/bandes-transporteuses-modulaires\/"},"modified":"2023-02-20T15:30:00","modified_gmt":"2023-02-20T15:30:00","slug":"bandes-transporteuses-modulaires","status":"publish","type":"page","link":"https:\/\/www.itra.be\/fr\/courroies-transporteuses\/bandes-transporteuses-modulaires\/","title":{"rendered":"Bandes transporteuses modulaires"},"content":{"rendered":"<div class=\"wpb-content-wrapper\">[vc_row][vc_column][vc_column_text text_align=\u00a0\u00bbcenter\u00a0\u00bb el_class=\u00a0\u00bbintro\u00a0\u00bb]Un convoyeur \u00e0 maillons ou simplement un convoyeur \u00e0 maillons est une bande transporteuse constitu\u00e9e d&rsquo;une bande \u00e0 maillons en plastique flexible.[\/vc_column_text][\/vc_column][\/vc_row][vc_row][vc_column width=\u00a0\u00bb1\/2&Prime;][vc_column_text]Ils sont plus co\u00fbteux que les convoyeurs \u00e0 rouleaux par rapport au produit final, mais pr\u00e9sentent quelques avantages tr\u00e8s sp\u00e9cifiques, tels que<\/p>\n<ul>\n<li>Les petits objets sont possibles<\/li>\n<li>Ceintures de maintien possibles<\/li>\n<li>Les coudes peuvent \u00eatre inclus<\/li>\n<li>Produits alimentaires approuv\u00e9s<\/li>\n<\/ul>\n<p>Un nombre limit\u00e9 de coudes et de vibrations peut \u00eatre consid\u00e9r\u00e9 comme d\u00e9savantageux.[\/vc_column_text][\/vc_column][vc_column width=\u00a0\u00bb1\/2&Prime;][vc_column_text]\n<h2><strong>Produit final<\/strong><\/h2>\n<p>Les bandes transporteuses \u00e0 maillons peuvent monter et descendre, et elles peuvent \u00e9galement \u00eatre pourvues de coudes ou d&rsquo;un mod\u00e8le en spirale.<\/p>\n<p>La bande flexible elle-m\u00eame est achet\u00e9e en externe, par exemple chez <a href=\"https:\/\/www.intralox.com\/\" target=\"_blank\" rel=\"noopener\">Intralox<\/a> ou <a href=\"https:\/\/www.habasit.com\/en\/index.htm\" target=\"_blank\" rel=\"noopener\">Habasit<\/a>, et il existe une vaste gamme de bandes disponibles (tailles, mat\u00e9riaux, etc.) que nous d\u00e9terminons en fonction de l&rsquo;application et en consultation avec le client.<\/p>\n<p>Cette bande transporteuse \u00e0 maillons est trait\u00e9e sur un ch\u00e2ssis qui r\u00e9pond parfaitement aux normes alimentaires utilis\u00e9es dans le secteur de l&rsquo;alimentation.<\/p>\n<p>De nombreux types de courroies sont r\u00e9sistants aux temp\u00e9ratures \u00e9lev\u00e9es et tr\u00e8s basses.<br \/>\nCes bandes transporteuses \u00e0 maillons peuvent \u00e9galement \u00eatre fournies avec des transitions continues et, par cons\u00e9quent, la bande aura un tr\u00e8s petit diam\u00e8tre.[\/vc_column_text][\/vc_column][\/vc_row]\n<\/div>","protected":false},"excerpt":{"rendered":"<p>[vc_row][vc_column][vc_column_text text_align=\u00a0\u00bbcenter\u00a0\u00bb el_class=\u00a0\u00bbintro\u00a0\u00bb]Un convoyeur \u00e0 maillons ou simplement un convoyeur \u00e0 maillons est une bande transporteuse constitu\u00e9e d&rsquo;une bande \u00e0 maillons en plastique flexible.[\/vc_column_text][\/vc_column][\/vc_row][vc_row][vc_column width=\u00a0\u00bb1\/2&Prime;][vc_column_text]Ils sont plus co\u00fbteux que les convoyeurs \u00e0 rouleaux par rapport au produit final, mais pr\u00e9sentent quelques avantages tr\u00e8s sp\u00e9cifiques, tels que Les petits objets sont possibles Ceintures de maintien possibles&hellip;<\/p>\n","protected":false},"author":1,"featured_media":4745,"parent":6409,"menu_order":4,"comment_status":"closed","ping_status":"closed","template":"","meta":{"_seopress_robots_primary_cat":"","_seopress_titles_title":"","_seopress_titles_desc":"","_seopress_robots_index":"","_seopress_analysis_target_kw":"","footnotes":""},"class_list":["post-6458","page","type-page","status-publish","has-post-thumbnail","hentry","entry","has-media"],"_links":{"self":[{"href":"https:\/\/www.itra.be\/fr\/wp-json\/wp\/v2\/pages\/6458","targetHints":{"allow":["GET"]}}],"collection":[{"href":"https:\/\/www.itra.be\/fr\/wp-json\/wp\/v2\/pages"}],"about":[{"href":"https:\/\/www.itra.be\/fr\/wp-json\/wp\/v2\/types\/page"}],"author":[{"embeddable":true,"href":"https:\/\/www.itra.be\/fr\/wp-json\/wp\/v2\/users\/1"}],"replies":[{"embeddable":true,"href":"https:\/\/www.itra.be\/fr\/wp-json\/wp\/v2\/comments?post=6458"}],"version-history":[{"count":2,"href":"https:\/\/www.itra.be\/fr\/wp-json\/wp\/v2\/pages\/6458\/revisions"}],"predecessor-version":[{"id":6467,"href":"https:\/\/www.itra.be\/fr\/wp-json\/wp\/v2\/pages\/6458\/revisions\/6467"}],"up":[{"embeddable":true,"href":"https:\/\/www.itra.be\/fr\/wp-json\/wp\/v2\/pages\/6409"}],"wp:featuredmedia":[{"embeddable":true,"href":"https:\/\/www.itra.be\/fr\/wp-json\/wp\/v2\/media\/4745"}],"wp:attachment":[{"href":"https:\/\/www.itra.be\/fr\/wp-json\/wp\/v2\/media?parent=6458"}],"curies":[{"name":"wp","href":"https:\/\/api.w.org\/{rel}","templated":true}]}}