{"id":6475,"date":"2022-03-10T08:56:03","date_gmt":"2022-03-10T08:56:03","guid":{"rendered":"https:\/\/www.itra.be\/courroies-transporteuses\/convoyeurs-a-rouleaux\/"},"modified":"2023-02-20T15:30:00","modified_gmt":"2023-02-20T15:30:00","slug":"convoyeurs-a-rouleaux","status":"publish","type":"page","link":"https:\/\/www.itra.be\/fr\/courroies-transporteuses\/convoyeurs-a-rouleaux\/","title":{"rendered":"Convoyeurs \u00e0 rouleaux"},"content":{"rendered":"<div class=\"wpb-content-wrapper\">[vc_row][vc_column][vc_column_text text_align=\u00a0\u00bbcenter\u00a0\u00bb el_class=\u00a0\u00bbintro\u00a0\u00bb]Les convoyeurs \u00e0 rouleaux sont des syst\u00e8mes de transport bas\u00e9s sur des rouleaux cons\u00e9cutifs.<br \/>\nLorsque les convoyeurs \u00e0 rouleaux sont plac\u00e9s sur une pente, les produits continuent \u00e0 se d\u00e9placer sous l&rsquo;effet de la gravit\u00e9. Il peut \u00eatre n\u00e9cessaire d&rsquo;arr\u00eater les produits \u00e0 l&rsquo;aide de rouleaux de freinage dans le cas de convoyeurs \u00e0 rouleaux plus longs et de produits plus lourds.[\/vc_column_text][\/vc_column][\/vc_row][vc_row][vc_column width=\u00a0\u00bb1\/2&Prime;][vc_column_text]\n<h2>Les produits suivants sont tr\u00e8s populaires<\/h2>\n<ul>\n<li>Les convoyeurs \u00e0 rouleaux sans engrenage \u00e0 l&rsquo;extr\u00e9mit\u00e9 d&rsquo;un tunnel de r\u00e9traction<\/li>\n<li>Des convoyeurs \u00e0 rouleaux \u00e0 la fin des syst\u00e8mes de convoyage qui comprennent des tables de travail int\u00e9gr\u00e9es.<\/li>\n<li>Convoyeurs \u00e0 rouleaux avec produits d&rsquo;approvisionnement aux syst\u00e8mes de convoyage<\/li>\n<\/ul>\n[\/vc_column_text][\/vc_column][vc_column width=\u00a0\u00bb1\/2&Prime;][vc_column_text]\n<h2>Applications<\/h2>\n<ul>\n<li>Bo\u00eetes<\/li>\n<li>Packs<\/li>\n<li>Caisses<\/li>\n<li>Livres<\/li>\n<li>Calendriers<\/li>\n<li>Palettes<\/li>\n<li>Etc.<\/li>\n<\/ul>\n[\/vc_column_text][\/vc_column][\/vc_row]\n<\/div>","protected":false},"excerpt":{"rendered":"<p>[vc_row][vc_column][vc_column_text text_align=\u00a0\u00bbcenter\u00a0\u00bb el_class=\u00a0\u00bbintro\u00a0\u00bb]Les convoyeurs \u00e0 rouleaux sont des syst\u00e8mes de transport bas\u00e9s sur des rouleaux cons\u00e9cutifs. Lorsque les convoyeurs \u00e0 rouleaux sont plac\u00e9s sur une pente, les produits continuent \u00e0 se d\u00e9placer sous l&rsquo;effet de la gravit\u00e9. Il peut \u00eatre n\u00e9cessaire d&rsquo;arr\u00eater les produits \u00e0 l&rsquo;aide de rouleaux de freinage dans le cas de convoyeurs&hellip;<\/p>\n","protected":false},"author":1,"featured_media":5659,"parent":6409,"menu_order":7,"comment_status":"closed","ping_status":"closed","template":"","meta":{"_seopress_robots_primary_cat":"","_seopress_titles_title":"","_seopress_titles_desc":"","_seopress_robots_index":"","footnotes":""},"class_list":["post-6475","page","type-page","status-publish","has-post-thumbnail","hentry","entry","has-media"],"_links":{"self":[{"href":"https:\/\/www.itra.be\/fr\/wp-json\/wp\/v2\/pages\/6475","targetHints":{"allow":["GET"]}}],"collection":[{"href":"https:\/\/www.itra.be\/fr\/wp-json\/wp\/v2\/pages"}],"about":[{"href":"https:\/\/www.itra.be\/fr\/wp-json\/wp\/v2\/types\/page"}],"author":[{"embeddable":true,"href":"https:\/\/www.itra.be\/fr\/wp-json\/wp\/v2\/users\/1"}],"replies":[{"embeddable":true,"href":"https:\/\/www.itra.be\/fr\/wp-json\/wp\/v2\/comments?post=6475"}],"version-history":[{"count":2,"href":"https:\/\/www.itra.be\/fr\/wp-json\/wp\/v2\/pages\/6475\/revisions"}],"predecessor-version":[{"id":6482,"href":"https:\/\/www.itra.be\/fr\/wp-json\/wp\/v2\/pages\/6475\/revisions\/6482"}],"up":[{"embeddable":true,"href":"https:\/\/www.itra.be\/fr\/wp-json\/wp\/v2\/pages\/6409"}],"wp:featuredmedia":[{"embeddable":true,"href":"https:\/\/www.itra.be\/fr\/wp-json\/wp\/v2\/media\/5659"}],"wp:attachment":[{"href":"https:\/\/www.itra.be\/fr\/wp-json\/wp\/v2\/media?parent=6475"}],"curies":[{"name":"wp","href":"https:\/\/api.w.org\/{rel}","templated":true}]}}