{"id":6492,"date":"2022-03-10T10:05:55","date_gmt":"2022-03-10T10:05:55","guid":{"rendered":"https:\/\/www.itra.be\/courroies-transporteuses\/bandes-de-transfert-perpendiculaires\/"},"modified":"2023-02-20T15:30:07","modified_gmt":"2023-02-20T15:30:07","slug":"bandes-de-transfert-perpendiculaires","status":"publish","type":"page","link":"https:\/\/www.itra.be\/fr\/courroies-transporteuses\/bandes-de-transfert-perpendiculaires\/","title":{"rendered":"Bandes de transfert perpendiculaires"},"content":{"rendered":"<div class=\"wpb-content-wrapper\">[vc_row][vc_column][vc_column_text text_align=\u00a0\u00bbcenter\u00a0\u00bb el_class=\u00a0\u00bbintro\u00a0\u00bb]Les bandes de transfert perpendiculaires sont des syst\u00e8mes de convoyage qui guident les produits sous un angle perpendiculaire au syst\u00e8me de convoyage.<\/p>\n<p>Ils sont souvent utilis\u00e9s pour transf\u00e9rer des produits tels que des bo\u00eetes et des palettes entre des convoyeurs \u00e0 rouleaux en utilisant des courroies ou des cha\u00eenes.[\/vc_column_text][\/vc_column][\/vc_row]\n<\/div>","protected":false},"excerpt":{"rendered":"<p>[vc_row][vc_column][vc_column_text text_align=\u00a0\u00bbcenter\u00a0\u00bb el_class=\u00a0\u00bbintro\u00a0\u00bb]Les bandes de transfert perpendiculaires sont des syst\u00e8mes de convoyage qui guident les produits sous un angle perpendiculaire au syst\u00e8me de convoyage. Ils sont souvent utilis\u00e9s pour transf\u00e9rer des produits tels que des bo\u00eetes et des palettes entre des convoyeurs \u00e0 rouleaux en utilisant des courroies ou des cha\u00eenes.[\/vc_column_text][\/vc_column][\/vc_row]<\/p>\n","protected":false},"author":1,"featured_media":6099,"parent":6409,"menu_order":13,"comment_status":"closed","ping_status":"closed","template":"","meta":{"_seopress_robots_primary_cat":"","_seopress_titles_title":"","_seopress_titles_desc":"","_seopress_robots_index":"","footnotes":""},"class_list":["post-6492","page","type-page","status-publish","has-post-thumbnail","hentry","entry","has-media"],"_links":{"self":[{"href":"https:\/\/www.itra.be\/fr\/wp-json\/wp\/v2\/pages\/6492","targetHints":{"allow":["GET"]}}],"collection":[{"href":"https:\/\/www.itra.be\/fr\/wp-json\/wp\/v2\/pages"}],"about":[{"href":"https:\/\/www.itra.be\/fr\/wp-json\/wp\/v2\/types\/page"}],"author":[{"embeddable":true,"href":"https:\/\/www.itra.be\/fr\/wp-json\/wp\/v2\/users\/1"}],"replies":[{"embeddable":true,"href":"https:\/\/www.itra.be\/fr\/wp-json\/wp\/v2\/comments?post=6492"}],"version-history":[{"count":4,"href":"https:\/\/www.itra.be\/fr\/wp-json\/wp\/v2\/pages\/6492\/revisions"}],"predecessor-version":[{"id":6917,"href":"https:\/\/www.itra.be\/fr\/wp-json\/wp\/v2\/pages\/6492\/revisions\/6917"}],"up":[{"embeddable":true,"href":"https:\/\/www.itra.be\/fr\/wp-json\/wp\/v2\/pages\/6409"}],"wp:featuredmedia":[{"embeddable":true,"href":"https:\/\/www.itra.be\/fr\/wp-json\/wp\/v2\/media\/6099"}],"wp:attachment":[{"href":"https:\/\/www.itra.be\/fr\/wp-json\/wp\/v2\/media?parent=6492"}],"curies":[{"name":"wp","href":"https:\/\/api.w.org\/{rel}","templated":true}]}}