{"id":6503,"date":"2022-03-10T09:45:33","date_gmt":"2022-03-10T09:45:33","guid":{"rendered":"https:\/\/www.itra.be\/courroies-transporteuses\/convoyeur-a-chaine-guidee\/"},"modified":"2023-02-20T15:30:06","modified_gmt":"2023-02-20T15:30:06","slug":"convoyeur-a-chaine-guidee","status":"publish","type":"page","link":"https:\/\/www.itra.be\/fr\/courroies-transporteuses\/convoyeur-a-chaine-guidee\/","title":{"rendered":"Convoyeur \u00e0 cha\u00eene guid\u00e9e"},"content":{"rendered":"<div class=\"wpb-content-wrapper\">[vc_row][vc_column][vc_column_text text_align=\u00a0\u00bbcenter\u00a0\u00bb el_class=\u00a0\u00bbintro\u00a0\u00bb]Un convoyeur \u00e0 cha\u00eene \u00e0 fonctionnement continu est un type de bande transporteuse entra\u00een\u00e9e bas\u00e9e sur des rouleaux o\u00f9 les rouleaux ont \u00e9t\u00e9 mont\u00e9s dans une cha\u00eene \u00e0 fonctionnement continu et, de plus, peuvent se d\u00e9placer.[\/vc_column_text][\/vc_column][\/vc_row][vc_row][vc_column width=\u00a0\u00bb1\/2&Prime;][vc_column_text]\n<h2>Applications<\/h2>\n<p>Les convoyeurs \u00e0 fonctionnement continu sont utilis\u00e9s pour le tamponnage des applications l\u00e9g\u00e8res et moyennes.<br \/>\nLes convoyeurs \u00e0 cha\u00eene \u00e0 fonctionnement continu sont id\u00e9aux pour effectuer les op\u00e9rations suivantes avec les produits :<\/p>\n<ul>\n<li>Pour tamponner les produits<\/li>\n<li>Pour s&rsquo;assurer qu&rsquo;un moment sp\u00e9cifique peut \u00eatre utilis\u00e9 pour une op\u00e9ration (par exemple, pour imprimer, v\u00e9rifier ou ajouter une \u00e9tiquette)<\/li>\n<\/ul>\n[\/vc_column_text][\/vc_column][vc_column width=\u00a0\u00bb1\/2&Prime;][vc_column_text]\n<h2>Techniquement<\/h2>\n<p>Un convoyeur \u00e0 fonctionnement continu est diff\u00e9rent, d&rsquo;un point de vue technique, d&rsquo;un convoyeur \u00e0 rouleaux accumulateurs, mais il remplit la m\u00eame fonction : un ou plusieurs produits sont arr\u00eat\u00e9s sans trop de r\u00e9sistance, par exemple par une but\u00e9e, et l&rsquo;entra\u00eenement peut simplement continuer \u00e0 tourner. Lorsque la but\u00e9e est r\u00e9tract\u00e9e, les produits se remettent en mouvement.[\/vc_column_text][\/vc_column][\/vc_row]\n<\/div>","protected":false},"excerpt":{"rendered":"<p>[vc_row][vc_column][vc_column_text text_align=\u00a0\u00bbcenter\u00a0\u00bb el_class=\u00a0\u00bbintro\u00a0\u00bb]Un convoyeur \u00e0 cha\u00eene \u00e0 fonctionnement continu est un type de bande transporteuse entra\u00een\u00e9e bas\u00e9e sur des rouleaux o\u00f9 les rouleaux ont \u00e9t\u00e9 mont\u00e9s dans une cha\u00eene \u00e0 fonctionnement continu et, de plus, peuvent se d\u00e9placer.[\/vc_column_text][\/vc_column][\/vc_row][vc_row][vc_column width=\u00a0\u00bb1\/2&Prime;][vc_column_text] Applications Les convoyeurs \u00e0 fonctionnement continu sont utilis\u00e9s pour le tamponnage des applications l\u00e9g\u00e8res et moyennes.&hellip;<\/p>\n","protected":false},"author":1,"featured_media":6051,"parent":6409,"menu_order":12,"comment_status":"closed","ping_status":"closed","template":"","meta":{"_seopress_robots_primary_cat":"","_seopress_titles_title":"","_seopress_titles_desc":"","_seopress_robots_index":"","footnotes":""},"class_list":["post-6503","page","type-page","status-publish","has-post-thumbnail","hentry","entry","has-media"],"_links":{"self":[{"href":"https:\/\/www.itra.be\/fr\/wp-json\/wp\/v2\/pages\/6503","targetHints":{"allow":["GET"]}}],"collection":[{"href":"https:\/\/www.itra.be\/fr\/wp-json\/wp\/v2\/pages"}],"about":[{"href":"https:\/\/www.itra.be\/fr\/wp-json\/wp\/v2\/types\/page"}],"author":[{"embeddable":true,"href":"https:\/\/www.itra.be\/fr\/wp-json\/wp\/v2\/users\/1"}],"replies":[{"embeddable":true,"href":"https:\/\/www.itra.be\/fr\/wp-json\/wp\/v2\/comments?post=6503"}],"version-history":[{"count":4,"href":"https:\/\/www.itra.be\/fr\/wp-json\/wp\/v2\/pages\/6503\/revisions"}],"predecessor-version":[{"id":6913,"href":"https:\/\/www.itra.be\/fr\/wp-json\/wp\/v2\/pages\/6503\/revisions\/6913"}],"up":[{"embeddable":true,"href":"https:\/\/www.itra.be\/fr\/wp-json\/wp\/v2\/pages\/6409"}],"wp:featuredmedia":[{"embeddable":true,"href":"https:\/\/www.itra.be\/fr\/wp-json\/wp\/v2\/media\/6051"}],"wp:attachment":[{"href":"https:\/\/www.itra.be\/fr\/wp-json\/wp\/v2\/media?parent=6503"}],"curies":[{"name":"wp","href":"https:\/\/api.w.org\/{rel}","templated":true}]}}