{"id":6509,"date":"2022-03-10T10:17:47","date_gmt":"2022-03-10T10:17:47","guid":{"rendered":"https:\/\/www.itra.be\/courroies-transporteuses\/plateaux-tournants\/"},"modified":"2023-02-20T15:30:10","modified_gmt":"2023-02-20T15:30:10","slug":"plateaux-tournants","status":"publish","type":"page","link":"https:\/\/www.itra.be\/fr\/courroies-transporteuses\/plateaux-tournants\/","title":{"rendered":"Plateaux tournants"},"content":{"rendered":"<div class=\"wpb-content-wrapper\">[vc_row][vc_column][vc_column_text text_align=\u00a0\u00bbcenter\u00a0\u00bb el_class=\u00a0\u00bbintro\u00a0\u00bb]Un plateau tournant est un syst\u00e8me de convoyage qui consiste en un plateau circulaire entra\u00een\u00e9 qui tourne autour de son arbre.[\/vc_column_text][\/vc_column][\/vc_row][vc_row][vc_column width=\u00a0\u00bb1\/2&Prime;][vc_column_text]\n<h2>Applications<\/h2>\n<p>Les tables tournantes sont utilis\u00e9es pour la mise en tampon temporaire de produits, par exemple pour rassembler ou s\u00e9parer temporairement des paquets sans que la ligne de production soit interrompue.<\/p>\n<p>Lorsque des guides sont \u00e9galement int\u00e9gr\u00e9s, une table tournante peut \u00e9galement \u00eatre utilis\u00e9e pour l&rsquo;alimentation s\u00e9quentielle des produits, par exemple, en d\u00e9posant des parpaings qui sont ensuite d\u00e9livr\u00e9s un par un sur la bande de d\u00e9chargement.[\/vc_column_text][\/vc_column][vc_column width=\u00a0\u00bb1\/2&Prime;][vc_column_text]\n<h2>Mod\u00e8les<\/h2>\n<ul>\n<li>Diff\u00e9rents diam\u00e8tres<\/li>\n<li>Support en acier rev\u00eatu ou en acier inoxydable<\/li>\n<li>Plateau de table en acier inoxydable ou en plastique<\/li>\n<\/ul>\n[\/vc_column_text][\/vc_column][\/vc_row]\n<\/div>","protected":false},"excerpt":{"rendered":"<p>[vc_row][vc_column][vc_column_text text_align=\u00a0\u00bbcenter\u00a0\u00bb el_class=\u00a0\u00bbintro\u00a0\u00bb]Un plateau tournant est un syst\u00e8me de convoyage qui consiste en un plateau circulaire entra\u00een\u00e9 qui tourne autour de son arbre.[\/vc_column_text][\/vc_column][\/vc_row][vc_row][vc_column width=\u00a0\u00bb1\/2&Prime;][vc_column_text] Applications Les tables tournantes sont utilis\u00e9es pour la mise en tampon temporaire de produits, par exemple pour rassembler ou s\u00e9parer temporairement des paquets sans que la ligne de production soit interrompue.&hellip;<\/p>\n","protected":false},"author":1,"featured_media":6265,"parent":6409,"menu_order":14,"comment_status":"closed","ping_status":"closed","template":"","meta":{"_seopress_robots_primary_cat":"","_seopress_titles_title":"","_seopress_titles_desc":"","_seopress_robots_index":"","footnotes":""},"class_list":["post-6509","page","type-page","status-publish","has-post-thumbnail","hentry","entry","has-media"],"_links":{"self":[{"href":"https:\/\/www.itra.be\/fr\/wp-json\/wp\/v2\/pages\/6509","targetHints":{"allow":["GET"]}}],"collection":[{"href":"https:\/\/www.itra.be\/fr\/wp-json\/wp\/v2\/pages"}],"about":[{"href":"https:\/\/www.itra.be\/fr\/wp-json\/wp\/v2\/types\/page"}],"author":[{"embeddable":true,"href":"https:\/\/www.itra.be\/fr\/wp-json\/wp\/v2\/users\/1"}],"replies":[{"embeddable":true,"href":"https:\/\/www.itra.be\/fr\/wp-json\/wp\/v2\/comments?post=6509"}],"version-history":[{"count":4,"href":"https:\/\/www.itra.be\/fr\/wp-json\/wp\/v2\/pages\/6509\/revisions"}],"predecessor-version":[{"id":6921,"href":"https:\/\/www.itra.be\/fr\/wp-json\/wp\/v2\/pages\/6509\/revisions\/6921"}],"up":[{"embeddable":true,"href":"https:\/\/www.itra.be\/fr\/wp-json\/wp\/v2\/pages\/6409"}],"wp:featuredmedia":[{"embeddable":true,"href":"https:\/\/www.itra.be\/fr\/wp-json\/wp\/v2\/media\/6265"}],"wp:attachment":[{"href":"https:\/\/www.itra.be\/fr\/wp-json\/wp\/v2\/media?parent=6509"}],"curies":[{"name":"wp","href":"https:\/\/api.w.org\/{rel}","templated":true}]}}