{"id":6513,"date":"2022-03-10T09:40:30","date_gmt":"2022-03-10T09:40:30","guid":{"rendered":"https:\/\/www.itra.be\/courroies-transporteuses\/ceintures-a-cordes-et-a-sangles\/"},"modified":"2023-02-20T15:30:03","modified_gmt":"2023-02-20T15:30:03","slug":"ceintures-a-cordes-et-a-sangles","status":"publish","type":"page","link":"https:\/\/www.itra.be\/fr\/courroies-transporteuses\/ceintures-a-cordes-et-a-sangles\/","title":{"rendered":"Ceintures \u00e0 cordes et \u00e0 sangles"},"content":{"rendered":"<div class=\"wpb-content-wrapper\">[vc_row][vc_column][vc_column_text text_align=\u00a0\u00bbcenter\u00a0\u00bb el_class=\u00a0\u00bbintro\u00a0\u00bb]Les bandes transporteuses entra\u00een\u00e9es par des cordes ou des courroies sont utilis\u00e9es dans certaines applications techniques sp\u00e9cifiques.[\/vc_column_text][\/vc_column][\/vc_row][vc_row][vc_column][vc_column_text]\n<h2>Les ceintures \u00e0 sangles et \u00e0 cordes sont utilis\u00e9es pour<\/h2>\n<ul>\n<li>Transporter des produits tr\u00e8s fins comme, par exemple, des feuilles de papier. Par exemple, ces types de courroies ont \u00e9t\u00e9 int\u00e9gr\u00e9s dans les alimentateurs de K\u00f6ra-Packmack.<\/li>\n<li>\u00catre capable d&rsquo;approcher un produit \u00e0 un ou plusieurs endroits, par exemple pour ajouter des \u00e9tiquettes ou une impression ou pour inclure une soudure.<\/li>\n<li>D\u00e9placer les produits dans une direction perpendiculaire, par exemple, entre des convoyeurs \u00e0 rouleaux.<\/li>\n<li>Faire tomber les constituants d&rsquo;un produit \u00e0 transporter.<\/li>\n<li>Construisez une transition perpendiculaire entre deux bandes transporteuses sans utiliser de pousseurs.<\/li>\n<\/ul>\n[\/vc_column_text][\/vc_column][\/vc_row]\n<\/div>","protected":false},"excerpt":{"rendered":"<p>[vc_row][vc_column][vc_column_text text_align=\u00a0\u00bbcenter\u00a0\u00bb el_class=\u00a0\u00bbintro\u00a0\u00bb]Les bandes transporteuses entra\u00een\u00e9es par des cordes ou des courroies sont utilis\u00e9es dans certaines applications techniques sp\u00e9cifiques.[\/vc_column_text][\/vc_column][\/vc_row][vc_row][vc_column][vc_column_text] Les ceintures \u00e0 sangles et \u00e0 cordes sont utilis\u00e9es pour Transporter des produits tr\u00e8s fins comme, par exemple, des feuilles de papier. Par exemple, ces types de courroies ont \u00e9t\u00e9 int\u00e9gr\u00e9s dans les alimentateurs de K\u00f6ra-Packmack.&hellip;<\/p>\n","protected":false},"author":1,"featured_media":5985,"parent":6409,"menu_order":11,"comment_status":"closed","ping_status":"closed","template":"","meta":{"_seopress_robots_primary_cat":"","_seopress_titles_title":"","_seopress_titles_desc":"","_seopress_robots_index":"","footnotes":""},"class_list":["post-6513","page","type-page","status-publish","has-post-thumbnail","hentry","entry","has-media"],"_links":{"self":[{"href":"https:\/\/www.itra.be\/fr\/wp-json\/wp\/v2\/pages\/6513","targetHints":{"allow":["GET"]}}],"collection":[{"href":"https:\/\/www.itra.be\/fr\/wp-json\/wp\/v2\/pages"}],"about":[{"href":"https:\/\/www.itra.be\/fr\/wp-json\/wp\/v2\/types\/page"}],"author":[{"embeddable":true,"href":"https:\/\/www.itra.be\/fr\/wp-json\/wp\/v2\/users\/1"}],"replies":[{"embeddable":true,"href":"https:\/\/www.itra.be\/fr\/wp-json\/wp\/v2\/comments?post=6513"}],"version-history":[{"count":4,"href":"https:\/\/www.itra.be\/fr\/wp-json\/wp\/v2\/pages\/6513\/revisions"}],"predecessor-version":[{"id":6909,"href":"https:\/\/www.itra.be\/fr\/wp-json\/wp\/v2\/pages\/6513\/revisions\/6909"}],"up":[{"embeddable":true,"href":"https:\/\/www.itra.be\/fr\/wp-json\/wp\/v2\/pages\/6409"}],"wp:featuredmedia":[{"embeddable":true,"href":"https:\/\/www.itra.be\/fr\/wp-json\/wp\/v2\/media\/5985"}],"wp:attachment":[{"href":"https:\/\/www.itra.be\/fr\/wp-json\/wp\/v2\/media?parent=6513"}],"curies":[{"name":"wp","href":"https:\/\/api.w.org\/{rel}","templated":true}]}}