{"id":6529,"date":"2022-03-10T09:32:04","date_gmt":"2022-03-10T09:32:04","guid":{"rendered":"https:\/\/www.itra.be\/courroies-transporteuses\/convoyeur-de-palettes\/"},"modified":"2023-02-20T15:30:02","modified_gmt":"2023-02-20T15:30:02","slug":"convoyeur-de-palettes","status":"publish","type":"page","link":"https:\/\/www.itra.be\/fr\/courroies-transporteuses\/convoyeur-de-palettes\/","title":{"rendered":"Convoyeur de palettes"},"content":{"rendered":"<div class=\"wpb-content-wrapper\">[vc_row][vc_column][vc_column_text text_align=\u00a0\u00bbcenter\u00a0\u00bb el_class=\u00a0\u00bbintro\u00a0\u00bb]Les rails \u00e0 rouleaux pour palettes peuvent transporter des palettes de tailles et de types diff\u00e9rents (bois, plastique et formats standard).<br \/>\nUn convoyeur \u00e0 rouleaux entra\u00een\u00e9s est le syst\u00e8me de convoyage le plus fr\u00e9quemment utilis\u00e9. Des rouleaux standard en acier galvanis\u00e9 sont utilis\u00e9s et l&rsquo;entra\u00eenement est assur\u00e9 par des rouleaux qui ont \u00e9t\u00e9 boucl\u00e9s ensemble par des cha\u00eenes.<br \/>\nDes convoyeurs \u00e0 rouleaux sans engrenage sont aussi parfois utilis\u00e9s.[\/vc_column_text][\/vc_column][\/vc_row][vc_row][vc_column width=\u00a0\u00bb1\/2&Prime;][vc_column_text]\n<h2>Les rails d&rsquo;alimentation pour palettes ont une large gamme d&rsquo;applications avec de nombreuses variantes techniques.<\/h2>\n<ul>\n<li>Convoyeurs \u00e0 rouleaux sans engrenage<\/li>\n<li>Convoyeurs \u00e0 rouleaux entra\u00een\u00e9s<\/li>\n<li>Bandes de transfert \u00e0 cha\u00eene perpendiculaire<\/li>\n<li>Stations tournantes<\/li>\n<li>Station de mise en place des palettes<\/li>\n<li>Poste de retrait des palettes<\/li>\n<\/ul>\n<h2>Transport de palettes bas\u00e9 sur des convoyeurs \u00e0 rouleaux sans engrenage<\/h2>\n<p>Les convoyeurs \u00e0 rouleaux sans engrenage sont d\u00e9ploy\u00e9s lorsque la palette a \u00e9t\u00e9 charg\u00e9e de mani\u00e8re stable : les produits ont d\u00e9j\u00e0 \u00e9t\u00e9 emball\u00e9s ou sont positionn\u00e9s de mani\u00e8re stable sur la palette.<\/p>\n<p>La propulsion est manuelle ou sans engrenage sous un angle.<\/p>\n<p>Les rouleaux de freinage sont install\u00e9s en relation avec le transport de palettes sans engrenage sur une grande longueur afin de limiter l&rsquo;augmentation de la vitesse de la palette. Des arr\u00eats pneumatiques sont \u00e9galement pr\u00e9vus au niveau de la station de retrait.<\/p>\n<p>ITRA peut proposer des solutions modulaires \u00e0 des prix tr\u00e8s comp\u00e9titifs.[\/vc_column_text][\/vc_column][vc_column width=\u00a0\u00bb1\/2&Prime;][vc_column_text]\n<h2>Transport de palettes bas\u00e9 sur un entra\u00eenement<\/h2>\n<p>L&rsquo;entra\u00eenement peut \u00eatre assur\u00e9 par des rouleaux ou par des cha\u00eenes.<\/p>\n<p>Cette solution est souvent utilis\u00e9e sur les sites.<\/p>\n<p>Le transport de palettes motoris\u00e9 est souvent utilis\u00e9 lorsqu&rsquo;un chariot \u00e9l\u00e9vateur \u00e0 fourche a acc\u00e8s \u00e0 la cage pour l&rsquo;approvisionnement ou le d\u00e9chargement, lorsqu&rsquo;il y a un robot ou en relation avec des stations d&#8217;emballage enti\u00e8rement automatiques.<\/p>\n<h2>Automatisation<\/h2>\n<p>ITRA peut \u00e9galement fournir l&rsquo;automatisation des syst\u00e8mes de transport de palettes. Dans ce contexte, il est souvent n\u00e9cessaire de disposer de plusieurs capteurs et composants hydrauliques qui sont int\u00e9gr\u00e9s dans l&rsquo;armoire de commande avec les variateurs de fr\u00e9quence.<\/p>\n<h2>Accessoires<\/h2>\n<p>Les rails d&rsquo;alimentation des palettes sont souvent \u00e9quip\u00e9s d&rsquo;accessoires tels que des guides lat\u00e9raux, des points de retrait, des but\u00e9es de fin de course, des but\u00e9es hydrauliques, des sections de pliage, des capteurs, des rouleaux de freinage, des disques conducteurs, etc.[\/vc_column_text][\/vc_column][\/vc_row]\n<\/div>","protected":false},"excerpt":{"rendered":"<p>[vc_row][vc_column][vc_column_text text_align=\u00a0\u00bbcenter\u00a0\u00bb el_class=\u00a0\u00bbintro\u00a0\u00bb]Les rails \u00e0 rouleaux pour palettes peuvent transporter des palettes de tailles et de types diff\u00e9rents (bois, plastique et formats standard). Un convoyeur \u00e0 rouleaux entra\u00een\u00e9s est le syst\u00e8me de convoyage le plus fr\u00e9quemment utilis\u00e9. Des rouleaux standard en acier galvanis\u00e9 sont utilis\u00e9s et l&rsquo;entra\u00eenement est assur\u00e9 par des rouleaux qui ont \u00e9t\u00e9&hellip;<\/p>\n","protected":false},"author":1,"featured_media":5907,"parent":6409,"menu_order":10,"comment_status":"closed","ping_status":"closed","template":"","meta":{"_seopress_robots_primary_cat":"","_seopress_titles_title":"","_seopress_titles_desc":"","_seopress_robots_index":"","_seopress_analysis_target_kw":"","footnotes":""},"class_list":["post-6529","page","type-page","status-publish","has-post-thumbnail","hentry","entry","has-media"],"_links":{"self":[{"href":"https:\/\/www.itra.be\/fr\/wp-json\/wp\/v2\/pages\/6529","targetHints":{"allow":["GET"]}}],"collection":[{"href":"https:\/\/www.itra.be\/fr\/wp-json\/wp\/v2\/pages"}],"about":[{"href":"https:\/\/www.itra.be\/fr\/wp-json\/wp\/v2\/types\/page"}],"author":[{"embeddable":true,"href":"https:\/\/www.itra.be\/fr\/wp-json\/wp\/v2\/users\/1"}],"replies":[{"embeddable":true,"href":"https:\/\/www.itra.be\/fr\/wp-json\/wp\/v2\/comments?post=6529"}],"version-history":[{"count":4,"href":"https:\/\/www.itra.be\/fr\/wp-json\/wp\/v2\/pages\/6529\/revisions"}],"predecessor-version":[{"id":6905,"href":"https:\/\/www.itra.be\/fr\/wp-json\/wp\/v2\/pages\/6529\/revisions\/6905"}],"up":[{"embeddable":true,"href":"https:\/\/www.itra.be\/fr\/wp-json\/wp\/v2\/pages\/6409"}],"wp:featuredmedia":[{"embeddable":true,"href":"https:\/\/www.itra.be\/fr\/wp-json\/wp\/v2\/media\/5907"}],"wp:attachment":[{"href":"https:\/\/www.itra.be\/fr\/wp-json\/wp\/v2\/media?parent=6529"}],"curies":[{"name":"wp","href":"https:\/\/api.w.org\/{rel}","templated":true}]}}