{"id":6539,"date":"2022-03-10T10:23:43","date_gmt":"2022-03-10T10:23:43","guid":{"rendered":"https:\/\/www.itra.be\/courroies-transporteuses\/courroies-denrobage\/"},"modified":"2023-02-20T15:30:13","modified_gmt":"2023-02-20T15:30:13","slug":"courroies-denrobage","status":"publish","type":"page","link":"https:\/\/www.itra.be\/fr\/courroies-transporteuses\/courroies-denrobage\/","title":{"rendered":"Courroies d&rsquo;enrobage"},"content":{"rendered":"<div class=\"wpb-content-wrapper\">[vc_row][vc_column][vc_column_text text_align=\u00a0\u00bbcenter\u00a0\u00bb el_class=\u00a0\u00bbintro\u00a0\u00bb]Les bandes \u00e0 grilles sont des bandes transporteuses dont l&rsquo;entra\u00eenement est assur\u00e9 par un tapis \u00e0 grilles ou une cha\u00eene, g\u00e9n\u00e9ralement en acier inoxydable.<\/p>\n<p>Les courroies grillag\u00e9es ne sont pas utilis\u00e9es aussi facilement en raison de leur prix plus \u00e9lev\u00e9 et des progr\u00e8s moins fluides.[\/vc_column_text][\/vc_column][\/vc_row][vc_row][vc_column width=\u00a0\u00bb1\/2&Prime;][vc_column_text]\n<h2>Avantages<\/h2>\n<ul>\n<li>Tr\u00e8s r\u00e9sistant \u00e0 la chaleur ;<\/li>\n<li>En outre, un grand passage et peu de contact ;<\/li>\n<li>Flexible<\/li>\n<\/ul>\n<p>C&rsquo;est la raison pour laquelle ils sont souvent utilis\u00e9s lors du passage dans des fours ou des environnements \u00e0 forte production de chaleur ou lors de processus de recouvrement dans l&rsquo;industrie alimentaire, par exemple, l&rsquo;enrobage de chapelure, le saupoudrage de chocolat et tous les types d&rsquo;application o\u00f9 il est n\u00e9cessaire d&rsquo;avoir le moins de contact possible avec le produit.[\/vc_column_text][\/vc_column][vc_column width=\u00a0\u00bb1\/2&Prime;][vc_column_text]\n<h2>Applications<\/h2>\n<ul>\n<li>Tunnels de lavage et de s\u00e9chage<\/li>\n<li>Transformation de la viande<\/li>\n<li>Boulangeries<\/li>\n<li>Fours<\/li>\n<li>Industrie du chocolat<\/li>\n<li>Snacks<\/li>\n<\/ul>\n[\/vc_column_text][\/vc_column][\/vc_row]\n<\/div>","protected":false},"excerpt":{"rendered":"<p>[vc_row][vc_column][vc_column_text text_align=\u00a0\u00bbcenter\u00a0\u00bb el_class=\u00a0\u00bbintro\u00a0\u00bb]Les bandes \u00e0 grilles sont des bandes transporteuses dont l&rsquo;entra\u00eenement est assur\u00e9 par un tapis \u00e0 grilles ou une cha\u00eene, g\u00e9n\u00e9ralement en acier inoxydable. Les courroies grillag\u00e9es ne sont pas utilis\u00e9es aussi facilement en raison de leur prix plus \u00e9lev\u00e9 et des progr\u00e8s moins fluides.[\/vc_column_text][\/vc_column][\/vc_row][vc_row][vc_column width=\u00a0\u00bb1\/2&Prime;][vc_column_text] Avantages Tr\u00e8s r\u00e9sistant \u00e0 la chaleur ;&hellip;<\/p>\n","protected":false},"author":1,"featured_media":6327,"parent":6409,"menu_order":16,"comment_status":"closed","ping_status":"closed","template":"","meta":{"_seopress_robots_primary_cat":"","_seopress_titles_title":"","_seopress_titles_desc":"","_seopress_robots_index":"","footnotes":""},"class_list":["post-6539","page","type-page","status-publish","has-post-thumbnail","hentry","entry","has-media"],"_links":{"self":[{"href":"https:\/\/www.itra.be\/fr\/wp-json\/wp\/v2\/pages\/6539","targetHints":{"allow":["GET"]}}],"collection":[{"href":"https:\/\/www.itra.be\/fr\/wp-json\/wp\/v2\/pages"}],"about":[{"href":"https:\/\/www.itra.be\/fr\/wp-json\/wp\/v2\/types\/page"}],"author":[{"embeddable":true,"href":"https:\/\/www.itra.be\/fr\/wp-json\/wp\/v2\/users\/1"}],"replies":[{"embeddable":true,"href":"https:\/\/www.itra.be\/fr\/wp-json\/wp\/v2\/comments?post=6539"}],"version-history":[{"count":4,"href":"https:\/\/www.itra.be\/fr\/wp-json\/wp\/v2\/pages\/6539\/revisions"}],"predecessor-version":[{"id":6929,"href":"https:\/\/www.itra.be\/fr\/wp-json\/wp\/v2\/pages\/6539\/revisions\/6929"}],"up":[{"embeddable":true,"href":"https:\/\/www.itra.be\/fr\/wp-json\/wp\/v2\/pages\/6409"}],"wp:featuredmedia":[{"embeddable":true,"href":"https:\/\/www.itra.be\/fr\/wp-json\/wp\/v2\/media\/6327"}],"wp:attachment":[{"href":"https:\/\/www.itra.be\/fr\/wp-json\/wp\/v2\/media?parent=6539"}],"curies":[{"name":"wp","href":"https:\/\/api.w.org\/{rel}","templated":true}]}}