{"id":6559,"date":"2022-06-27T11:35:36","date_gmt":"2022-06-27T11:35:36","guid":{"rendered":"https:\/\/www.itra.be\/compacta-5022-lt-trend-ems\/"},"modified":"2023-03-13T12:27:29","modified_gmt":"2023-03-13T12:27:29","slug":"compacta-5022-lt-trend-ems","status":"publish","type":"page","link":"https:\/\/www.itra.be\/fr\/machines-demballage\/film-demballage\/compacta-5022-lt-trend-ems\/","title":{"rendered":"Compacta 5022 LT\/Trend\/EMS"},"content":{"rendered":"<div class=\"wpb-content-wrapper\">[vc_row][vc_column][vc_column_text text_align=\u00a0\u00bbcenter\u00a0\u00bb el_class=\u00a0\u00bbintro\u00a0\u00bb]La <b>s\u00e9rie de machines d&#8217;emballage sous film Compacta 5022 LT\/Trend\/EMS<\/b> est adapt\u00e9e \u00e0 l&#8217;emballage enti\u00e8rement automatique.<br \/>\nTravaillant en ligne, ces <b>machines d&#8217;emballage<\/b> \u00e0 barri\u00e8re l\u00e9g\u00e8re peuvent \u00eatre charg\u00e9es aussi bien manuellement que de mani\u00e8re enti\u00e8rement automatique. La <b>machine d&#8217;emballage sous film<\/b> produit un emballage scell\u00e9 sur trois c\u00f4t\u00e9s en combinaison avec un film semi-tubulaire.<\/p>\n<p>Le syst\u00e8me d&#8217;emballage sophistiqu\u00e9 et les syst\u00e8mes d&rsquo;alimentation associ\u00e9s permettent une performance de pointe <b>allant jusqu&rsquo;\u00e0 100 cycles par minute<\/b>, selon le mod\u00e8le et l&rsquo;\u00e9quipement de la machine d&#8217;emballage. Les syst\u00e8mes de soudure \u00e0 chauffage permanent permettent de traiter tous les films disponibles dans le commerce, du poly\u00e9thyl\u00e8ne aux polyol\u00e9fines et aux films PVC, sur cette machine \u00e0 emballer les films. En combinaison avec un film polyol\u00e9fine et le couteau de d\u00e9coupe BVM, la machine d&#8217;emballage sous film produit les soudures les plus fines.<\/p>\n<p><strong>Changement facile de<\/strong> la s\u00e9rie de machines d&#8217;emballage sous film Compacta 5022 LT\/Trend par manivelles\/EMS motoris\u00e9, avec liste de tailles pouvant \u00eatre stock\u00e9e sur l&rsquo;<strong>\u00e9cran tactile, y compris la m\u00e9moire des donn\u00e9es de taille<\/strong>. Cela garantit des temps de changement courts pour la machine d&#8217;emballage sous film et une grande fiabilit\u00e9 de production.<\/p>\n<p>normes.<br \/>\nGr\u00e2ce \u00e0 la puissante cha\u00eene \u00e0 lamelles, vous pouvez travailler avec un nombre tr\u00e8s r\u00e9duit d&rsquo;entra\u00eenements.<br \/>\nSur une seule bande transporteuse \u00e0 cha\u00eene, par exemple, il est possible de traiter jusqu&rsquo;\u00e0 3 coudes \u00e0 90\u00b0 et, en fonction de la longueur et de la configuration, une bande transporteuse \u00e0 cha\u00eene peut avoir une longueur allant jusqu&rsquo;\u00e0 50 m\u00e8tres.[\/vc_column_text][\/vc_column][\/vc_row][vc_row][vc_column width=\u00a0\u00bb1\/2&Prime;][vc_column_text]\n<h2>S\u00e9rie Compacta &#8211; les machines en ligne pour un conditionnement enti\u00e8rement automatique.<\/h2>\n<ul>\n<li>Syst\u00e8me de scellement chauff\u00e9 en permanence<\/li>\n<li>Selon l&rsquo;\u00e9quipement et le mod\u00e8le, plus de 100 cycles\/minute sont possibles.<\/li>\n<li>Temps de changement courts<\/li>\n<li>Simple conversion<\/li>\n<li>Haute fiabilit\u00e9 de production<\/li>\n<li>Selon le mod\u00e8le, les dimensions peuvent varier de 450 \u00e0 950 mm.<\/li>\n<\/ul>\n[\/vc_column_text][\/vc_column][vc_column width=\u00a0\u00bb1\/2&Prime;][vc_column_text]\n<h2>Versions :<\/h2>\n<ul>\n<li>Ces bandes transporteuses \u00e0 tasseaux peuvent \u00eatre fournies en acier rev\u00eatu et en acier inoxydable.<\/li>\n<li>Les lattes sont disponibles en largeurs de 300, 400 et 600 mm.<\/li>\n<li>Notre bureau d&rsquo;\u00e9tudes peut \u00e9galement int\u00e9grer les modules dans les plans d&rsquo;implantation de l&rsquo;usine du client.<\/li>\n<\/ul>\n[\/vc_column_text][\/vc_column][\/vc_row]\n<\/div>","protected":false},"excerpt":{"rendered":"<p>[vc_row][vc_column][vc_column_text text_align=\u00a0\u00bbcenter\u00a0\u00bb el_class=\u00a0\u00bbintro\u00a0\u00bb]La s\u00e9rie de machines d&#8217;emballage sous film Compacta 5022 LT\/Trend\/EMS est adapt\u00e9e \u00e0 l&#8217;emballage enti\u00e8rement automatique. Travaillant en ligne, ces machines d&#8217;emballage \u00e0 barri\u00e8re l\u00e9g\u00e8re peuvent \u00eatre charg\u00e9es aussi bien manuellement que de mani\u00e8re enti\u00e8rement automatique. La machine d&#8217;emballage sous film produit un emballage scell\u00e9 sur trois c\u00f4t\u00e9s en combinaison avec un film&hellip;<\/p>\n","protected":false},"author":1,"featured_media":6337,"parent":6560,"menu_order":1,"comment_status":"closed","ping_status":"closed","template":"","meta":{"_seopress_robots_primary_cat":"","_seopress_titles_title":"","_seopress_titles_desc":"","_seopress_robots_index":"","footnotes":""},"class_list":["post-6559","page","type-page","status-publish","has-post-thumbnail","hentry","entry","has-media"],"_links":{"self":[{"href":"https:\/\/www.itra.be\/fr\/wp-json\/wp\/v2\/pages\/6559","targetHints":{"allow":["GET"]}}],"collection":[{"href":"https:\/\/www.itra.be\/fr\/wp-json\/wp\/v2\/pages"}],"about":[{"href":"https:\/\/www.itra.be\/fr\/wp-json\/wp\/v2\/types\/page"}],"author":[{"embeddable":true,"href":"https:\/\/www.itra.be\/fr\/wp-json\/wp\/v2\/users\/1"}],"replies":[{"embeddable":true,"href":"https:\/\/www.itra.be\/fr\/wp-json\/wp\/v2\/comments?post=6559"}],"version-history":[{"count":4,"href":"https:\/\/www.itra.be\/fr\/wp-json\/wp\/v2\/pages\/6559\/revisions"}],"predecessor-version":[{"id":6950,"href":"https:\/\/www.itra.be\/fr\/wp-json\/wp\/v2\/pages\/6559\/revisions\/6950"}],"up":[{"embeddable":true,"href":"https:\/\/www.itra.be\/fr\/wp-json\/wp\/v2\/pages\/6560"}],"wp:featuredmedia":[{"embeddable":true,"href":"https:\/\/www.itra.be\/fr\/wp-json\/wp\/v2\/media\/6337"}],"wp:attachment":[{"href":"https:\/\/www.itra.be\/fr\/wp-json\/wp\/v2\/media?parent=6559"}],"curies":[{"name":"wp","href":"https:\/\/api.w.org\/{rel}","templated":true}]}}