{"id":6567,"date":"2022-06-27T11:37:50","date_gmt":"2022-06-27T11:37:50","guid":{"rendered":"https:\/\/www.itra.be\/machines-demballage\/film-demballage\/compacta-5022-7522-10022-egs\/"},"modified":"2023-03-13T12:27:31","modified_gmt":"2023-03-13T12:27:31","slug":"compacta-5022-7522-10022-egs","status":"publish","type":"page","link":"https:\/\/www.itra.be\/fr\/machines-demballage\/film-demballage\/compacta-5022-7522-10022-egs\/","title":{"rendered":"Compacta 5022\/7522\/10022 EGS"},"content":{"rendered":"<div class=\"wpb-content-wrapper\">[vc_row][vc_column][vc_column_text text_align=\u00a0\u00bbcenter\u00a0\u00bb el_class=\u00a0\u00bbintro\u00a0\u00bb]\n<p class=\"bodytext\">La s\u00e9rie de machines d&#8217;emballage sous film Compacta est adapt\u00e9e \u00e0 l&#8217;emballage enti\u00e8rement automatique et semi-automatique. Travaillant en ligne, une commande par barri\u00e8re lumineuse permet un chargement manuel et enti\u00e8rement automatique. Un emballage scell\u00e9 sur trois c\u00f4t\u00e9s peut \u00eatre produit en association avec un film semi-tubulaire.<\/p>\n<p><strong>Des performances optimales avec tous les types de films<\/strong><br \/>\nLes machines Compacta, tr\u00e8s performantes, permettent <strong>jusqu&rsquo;\u00e0<\/strong><b>120 cycles par minute<\/b>, selon le mod\u00e8le. La polyvalence est tout aussi impressionnante : Gr\u00e2ce aux syst\u00e8mes de soudure chauff\u00e9s en permanence, tous les films disponibles dans le commerce, du poly\u00e9thyl\u00e8ne au PVC en passant par les polyol\u00e9fines, peuvent \u00eatre trait\u00e9s. M\u00eame les joints de soudure les plus fins sont possibles : Avec le film polyol\u00e9fine et le couteau de d\u00e9coupe BVM, ceux-ci r\u00e9ussissent parfaitement.<\/p>\n<p><strong>Temps de changement les plus courts, assurance qualit\u00e9 la plus \u00e9lev\u00e9e<\/strong><br \/>\nLe changement de format de la Compacta EGS est rapide et facile gr\u00e2ce \u00e0 des moteurs sans manivelle. Cela garantit la plus haute pr\u00e9cision et donc la plus grande fiabilit\u00e9 de production possible. \u00c0 cela s&rsquo;ajoute une large gamme de tailles qui permet de trouver des solutions professionnelles pour toutes les t\u00e2ches d&#8217;emballage.[\/vc_column_text][\/vc_column][\/vc_row][vc_row][vc_column width=\u00a0\u00bb1\/2&Prime;][vc_column_text]\n<h2>Compacta 5022\/7522\/10022 EGS &#8211; machines d&#8217;emballage servocommand\u00e9es avec entra\u00eenement du tampon de soudure sans entretien.<\/h2>\n<ul>\n<li>Fonctionnement sans entretien<\/li>\n<li>Temps de changement les plus courts<\/li>\n<li>Une assurance qualit\u00e9 optimale<\/li>\n<li>Jusqu&rsquo;\u00e0 120 cycles par minute<\/li>\n<\/ul>\n[\/vc_column_text][\/vc_column][vc_column width=\u00a0\u00bb1\/2&Prime;][vc_column_text]\n<h2>Compacta 5022\/7522\/10022 EGS<\/h2>\n<p><strong>IHM avec fonction multi-touch<\/strong><\/p>\n<p>Les scelleuses lat\u00e9rales Compacta 5022\/7522\/10022 EGS sont faciles et intuitives \u00e0 utiliser via l&rsquo;IHM. Tous les param\u00e8tres sont accessibles et r\u00e9glables via les structures de menu existantes sur l&rsquo;\u00e9cran tactile.[\/vc_column_text][\/vc_column][\/vc_row]\n<\/div>","protected":false},"excerpt":{"rendered":"<p>[vc_row][vc_column][vc_column_text text_align=\u00a0\u00bbcenter\u00a0\u00bb el_class=\u00a0\u00bbintro\u00a0\u00bb] La s\u00e9rie de machines d&#8217;emballage sous film Compacta est adapt\u00e9e \u00e0 l&#8217;emballage enti\u00e8rement automatique et semi-automatique. Travaillant en ligne, une commande par barri\u00e8re lumineuse permet un chargement manuel et enti\u00e8rement automatique. Un emballage scell\u00e9 sur trois c\u00f4t\u00e9s peut \u00eatre produit en association avec un film semi-tubulaire. Des performances optimales avec tous les&hellip;<\/p>\n","protected":false},"author":1,"featured_media":6339,"parent":6560,"menu_order":2,"comment_status":"closed","ping_status":"closed","template":"","meta":{"_seopress_robots_primary_cat":"","_seopress_titles_title":"","_seopress_titles_desc":"","_seopress_robots_index":"","footnotes":""},"class_list":["post-6567","page","type-page","status-publish","has-post-thumbnail","hentry","entry","has-media"],"_links":{"self":[{"href":"https:\/\/www.itra.be\/fr\/wp-json\/wp\/v2\/pages\/6567","targetHints":{"allow":["GET"]}}],"collection":[{"href":"https:\/\/www.itra.be\/fr\/wp-json\/wp\/v2\/pages"}],"about":[{"href":"https:\/\/www.itra.be\/fr\/wp-json\/wp\/v2\/types\/page"}],"author":[{"embeddable":true,"href":"https:\/\/www.itra.be\/fr\/wp-json\/wp\/v2\/users\/1"}],"replies":[{"embeddable":true,"href":"https:\/\/www.itra.be\/fr\/wp-json\/wp\/v2\/comments?post=6567"}],"version-history":[{"count":4,"href":"https:\/\/www.itra.be\/fr\/wp-json\/wp\/v2\/pages\/6567\/revisions"}],"predecessor-version":[{"id":6954,"href":"https:\/\/www.itra.be\/fr\/wp-json\/wp\/v2\/pages\/6567\/revisions\/6954"}],"up":[{"embeddable":true,"href":"https:\/\/www.itra.be\/fr\/wp-json\/wp\/v2\/pages\/6560"}],"wp:featuredmedia":[{"embeddable":true,"href":"https:\/\/www.itra.be\/fr\/wp-json\/wp\/v2\/media\/6339"}],"wp:attachment":[{"href":"https:\/\/www.itra.be\/fr\/wp-json\/wp\/v2\/media?parent=6567"}],"curies":[{"name":"wp","href":"https:\/\/api.w.org\/{rel}","templated":true}]}}