{"id":6576,"date":"2022-06-27T11:53:29","date_gmt":"2022-06-27T11:53:29","guid":{"rendered":"https:\/\/www.itra.be\/machines-demballage\/film-demballage\/compacta-7515-speedy\/"},"modified":"2023-03-13T12:27:32","modified_gmt":"2023-03-13T12:27:32","slug":"compacta-7515-speedy","status":"publish","type":"page","link":"https:\/\/www.itra.be\/fr\/machines-demballage\/film-demballage\/compacta-7515-speedy\/","title":{"rendered":"Compacta 7515 Speedy"},"content":{"rendered":"<div class=\"wpb-content-wrapper\">[vc_row][vc_column][vc_column_text text_align=\u00a0\u00bbcenter\u00a0\u00bb el_class=\u00a0\u00bbintro\u00a0\u00bb]La machine d&#8217;emballage sous film Compacta Speedy convient \u00e0 l&#8217;emballage enti\u00e8rement automatique de gobelets ou de rouleaux, par exemple. Des rendements \u00e9lev\u00e9s sont obtenus gr\u00e2ce \u00e0 l&rsquo;alimentation en produits dispos\u00e9e \u00e0 angle droit et \u00e0 l&rsquo;insert servo. Cette machine est particuli\u00e8rement adapt\u00e9e \u00e0 une utilisation derri\u00e8re les machines de thermoformage. Vous pouvez emballer une grande vari\u00e9t\u00e9 de diam\u00e8tres et de longueurs de barres jusqu&rsquo;\u00e0 600 mm sur la machine.<\/p>\n<p>Le syst\u00e8me d&#8217;emballage sophistiqu\u00e9 et les syst\u00e8mes d&rsquo;alimentation associ\u00e9s permettent une performance de pointe allant jusqu&rsquo;\u00e0 60 cycles par minute, selon le mod\u00e8le et l&rsquo;\u00e9quipement de la machine d&#8217;emballage. Les syst\u00e8mes de soudure \u00e0 chauffage permanent permettent de traiter tous les films disponibles dans le commerce, du poly\u00e9thyl\u00e8ne aux polyol\u00e9fines et aux films PVC, sur cette machine \u00e0 emballer les films. En combinaison avec un film polyol\u00e9fine et le couteau de d\u00e9coupe BVM, la machine d&#8217;emballage sous film produit les soudures les plus fines.<\/p>\n<p>Les changements simples de la machine d&#8217;emballage Compacta, sans volants ni manipulation des \u00e9l\u00e9ments de commande, garantissent des temps de changement courts de la machine d&#8217;emballage sous film ainsi qu&rsquo;une grande fiabilit\u00e9 de production. La gamme de dimensions de 700 mm garantit la couverture d&rsquo;un large spectre pour la solution professionnelle des t\u00e2ches d&#8217;emballage. Machines d&#8217;emballage BVM pour les exigences les plus \u00e9lev\u00e9es.[\/vc_column_text][\/vc_column][\/vc_row][vc_row][vc_column width=\u00a0\u00bb1\/2&Prime;][vc_column_text]\n<h2>Compacta 7515 Speedy &#8211; la solution d&#8217;emballage \u00e0 grande vitesse pour les produits ronds fonctionne \u00e0 angle droit.<\/h2>\n<ul>\n<li>Solution d&#8217;emballage \u00e0 grande vitesse<\/li>\n<li>Jusqu&rsquo;\u00e0 60 cycles\/minute<\/li>\n<\/ul>\n[\/vc_column_text][\/vc_column][vc_column width=\u00a0\u00bb1\/2&Prime;][vc_column_text]\n<h2>IHM avec fonction multi-touch<\/h2>\n<p>La soudeuse lat\u00e9rale Compacta 7515 Speedy est facile et intuitive \u00e0 utiliser via l&rsquo;IHM. Tous les param\u00e8tres sont accessibles et r\u00e9glables via les structures de menu existantes sur l&rsquo;\u00e9cran tactile.[\/vc_column_text][\/vc_column][\/vc_row]\n<\/div>","protected":false},"excerpt":{"rendered":"<p>[vc_row][vc_column][vc_column_text text_align=\u00a0\u00bbcenter\u00a0\u00bb el_class=\u00a0\u00bbintro\u00a0\u00bb]La machine d&#8217;emballage sous film Compacta Speedy convient \u00e0 l&#8217;emballage enti\u00e8rement automatique de gobelets ou de rouleaux, par exemple. Des rendements \u00e9lev\u00e9s sont obtenus gr\u00e2ce \u00e0 l&rsquo;alimentation en produits dispos\u00e9e \u00e0 angle droit et \u00e0 l&rsquo;insert servo. Cette machine est particuli\u00e8rement adapt\u00e9e \u00e0 une utilisation derri\u00e8re les machines de thermoformage. Vous pouvez emballer&hellip;<\/p>\n","protected":false},"author":1,"featured_media":6341,"parent":6560,"menu_order":3,"comment_status":"closed","ping_status":"closed","template":"","meta":{"_seopress_robots_primary_cat":"","_seopress_titles_title":"","_seopress_titles_desc":"","_seopress_robots_index":"","footnotes":""},"class_list":["post-6576","page","type-page","status-publish","has-post-thumbnail","hentry","entry","has-media"],"_links":{"self":[{"href":"https:\/\/www.itra.be\/fr\/wp-json\/wp\/v2\/pages\/6576","targetHints":{"allow":["GET"]}}],"collection":[{"href":"https:\/\/www.itra.be\/fr\/wp-json\/wp\/v2\/pages"}],"about":[{"href":"https:\/\/www.itra.be\/fr\/wp-json\/wp\/v2\/types\/page"}],"author":[{"embeddable":true,"href":"https:\/\/www.itra.be\/fr\/wp-json\/wp\/v2\/users\/1"}],"replies":[{"embeddable":true,"href":"https:\/\/www.itra.be\/fr\/wp-json\/wp\/v2\/comments?post=6576"}],"version-history":[{"count":4,"href":"https:\/\/www.itra.be\/fr\/wp-json\/wp\/v2\/pages\/6576\/revisions"}],"predecessor-version":[{"id":6958,"href":"https:\/\/www.itra.be\/fr\/wp-json\/wp\/v2\/pages\/6576\/revisions\/6958"}],"up":[{"embeddable":true,"href":"https:\/\/www.itra.be\/fr\/wp-json\/wp\/v2\/pages\/6560"}],"wp:featuredmedia":[{"embeddable":true,"href":"https:\/\/www.itra.be\/fr\/wp-json\/wp\/v2\/media\/6341"}],"wp:attachment":[{"href":"https:\/\/www.itra.be\/fr\/wp-json\/wp\/v2\/media?parent=6576"}],"curies":[{"name":"wp","href":"https:\/\/api.w.org\/{rel}","templated":true}]}}