{"id":6614,"date":"2022-06-27T12:08:55","date_gmt":"2022-06-27T12:08:55","guid":{"rendered":"https:\/\/www.itra.be\/machines-demballage\/film-demballage\/bm-400-1600-l-w-le-lg\/"},"modified":"2023-03-13T12:27:40","modified_gmt":"2023-03-13T12:27:40","slug":"bm-400-1600-l-w-le-lg","status":"publish","type":"page","link":"https:\/\/www.itra.be\/fr\/machines-demballage\/film-demballage\/bm-400-1600-l-w-le-lg\/","title":{"rendered":"BM 400 &#8211; 1600 L\/W\/LE\/LG"},"content":{"rendered":"<div class=\"wpb-content-wrapper\">[vc_row][vc_column][vc_column_text text_align=\u00a0\u00bbcenter\u00a0\u00bb el_class=\u00a0\u00bbintro\u00a0\u00bb]Les <strong>banderoleuses BVM<\/strong> peuvent \u00eatre utilis\u00e9es en alimentation en ligne ou en angle, selon le mod\u00e8le. En combinaison avec le film plat, on obtient un emballage \u00e0 banderole. La machine \u00e0 banderoler est disponible comme machine semi-automatique ou dispos\u00e9e en ligne avec un convoyeur d&rsquo;entr\u00e9e\/sortie.<\/p>\n<p>Aliment\u00e9e en angle avec insert m\u00e9canique ou avec prise de pince, une machine d&#8217;emballage pour une grande vari\u00e9t\u00e9 d&rsquo;applications. La machine \u00e0 banderoler peut \u00eatre adapt\u00e9e de mani\u00e8re flexible et optimale aux besoins en utilisant un tunnel de r\u00e9traction s\u00e9par\u00e9.<\/p>\n<p>Le produit est introduit dans la machine \u00e0 banderoler par un syst\u00e8me de transport en ligne ou par une alimentation angulaire. La formation de l&#8217;emballage est soit produite dans la machine d&#8217;emballage, soit d\u00e9j\u00e0 pr\u00e9-group\u00e9e sur le site. La banderoleuse ou l&rsquo;encartonneuse fonctionne avec un film sup\u00e9rieur et un film inf\u00e9rieur qui sont scell\u00e9s ensemble pour former un \u00ab\u00a0rideau de film\u00a0\u00bb.<\/p>\n<p>Le film est scell\u00e9 autour du produit pendant le transport ou l&rsquo;insertion pour former une banderole. Dans le tunnel de r\u00e9traction situ\u00e9 en aval, les produits sont emball\u00e9s sous film r\u00e9tractable pour former un emballage s\u00fbr et adapt\u00e9 au transport.<\/p>\n<p>Le r\u00e9sultat de la r\u00e9traction dans le tunnel de r\u00e9traction peut \u00eatre r\u00e9gl\u00e9 gr\u00e2ce \u00e0 un contr\u00f4le \u00e9lectronique de la temp\u00e9rature et \u00e0 des volets d&rsquo;air r\u00e9glables.[\/vc_column_text][\/vc_column][\/vc_row][vc_row][vc_column width=\u00a0\u00bb1\/2&Prime;][vc_column_text]\n<h2>BM 400 &#8211; 1600 L\/W\/LE\/LG &#8211; le \u00ab\u00a0particulier\u00a0\u00bb parmi les machines \u00e0 banderoler.<\/h2>\n<ul>\n<li>Syst\u00e8me d&rsquo;\u00e9tanch\u00e9it\u00e9 sans entretien<\/li>\n<li>Entra\u00eenements d&rsquo;\u00e9tanch\u00e9it\u00e9 servocommand\u00e9s<\/li>\n<li>Dispositif de scellage du film en option<\/li>\n<li>Vitesse contr\u00f4lable<\/li>\n<\/ul>\n[\/vc_column_text][\/vc_column][\/vc_row]\n<\/div>","protected":false},"excerpt":{"rendered":"<p>[vc_row][vc_column][vc_column_text text_align=\u00a0\u00bbcenter\u00a0\u00bb el_class=\u00a0\u00bbintro\u00a0\u00bb]Les banderoleuses BVM peuvent \u00eatre utilis\u00e9es en alimentation en ligne ou en angle, selon le mod\u00e8le. En combinaison avec le film plat, on obtient un emballage \u00e0 banderole. La machine \u00e0 banderoler est disponible comme machine semi-automatique ou dispos\u00e9e en ligne avec un convoyeur d&rsquo;entr\u00e9e\/sortie. Aliment\u00e9e en angle avec insert m\u00e9canique ou avec&hellip;<\/p>\n","protected":false},"author":1,"featured_media":6357,"parent":6560,"menu_order":7,"comment_status":"closed","ping_status":"closed","template":"","meta":{"_seopress_robots_primary_cat":"","_seopress_titles_title":"","_seopress_titles_desc":"","_seopress_robots_index":"","footnotes":""},"class_list":["post-6614","page","type-page","status-publish","has-post-thumbnail","hentry","entry","has-media"],"_links":{"self":[{"href":"https:\/\/www.itra.be\/fr\/wp-json\/wp\/v2\/pages\/6614","targetHints":{"allow":["GET"]}}],"collection":[{"href":"https:\/\/www.itra.be\/fr\/wp-json\/wp\/v2\/pages"}],"about":[{"href":"https:\/\/www.itra.be\/fr\/wp-json\/wp\/v2\/types\/page"}],"author":[{"embeddable":true,"href":"https:\/\/www.itra.be\/fr\/wp-json\/wp\/v2\/users\/1"}],"replies":[{"embeddable":true,"href":"https:\/\/www.itra.be\/fr\/wp-json\/wp\/v2\/comments?post=6614"}],"version-history":[{"count":5,"href":"https:\/\/www.itra.be\/fr\/wp-json\/wp\/v2\/pages\/6614\/revisions"}],"predecessor-version":[{"id":6980,"href":"https:\/\/www.itra.be\/fr\/wp-json\/wp\/v2\/pages\/6614\/revisions\/6980"}],"up":[{"embeddable":true,"href":"https:\/\/www.itra.be\/fr\/wp-json\/wp\/v2\/pages\/6560"}],"wp:featuredmedia":[{"embeddable":true,"href":"https:\/\/www.itra.be\/fr\/wp-json\/wp\/v2\/media\/6357"}],"wp:attachment":[{"href":"https:\/\/www.itra.be\/fr\/wp-json\/wp\/v2\/media?parent=6614"}],"curies":[{"name":"wp","href":"https:\/\/api.w.org\/{rel}","templated":true}]}}