{"id":6617,"date":"2022-06-27T12:09:59","date_gmt":"2022-06-27T12:09:59","guid":{"rendered":"https:\/\/www.itra.be\/machines-demballage\/film-demballage\/bms-600-800-l-w\/"},"modified":"2023-03-13T12:27:42","modified_gmt":"2023-03-13T12:27:42","slug":"bms-600-800-l-w","status":"publish","type":"page","link":"https:\/\/www.itra.be\/fr\/machines-demballage\/film-demballage\/bms-600-800-l-w\/","title":{"rendered":"BMS 600 &#8211; 800 L\/W"},"content":{"rendered":"<div class=\"wpb-content-wrapper\">[vc_row][vc_column][vc_column_text text_align=\u00a0\u00bbcenter\u00a0\u00bb el_class=\u00a0\u00bbintro\u00a0\u00bb]Les <strong>banderoles combin\u00e9es BVM<\/strong> sont con\u00e7ues pour la plage de puissance  <strong>jusqu&rsquo;\u00e0 environ 15 cycles\/min<\/strong>. La machine \u00e0 banderoler et le tunnel de r\u00e9traction sont mont\u00e9s comme une unit\u00e9 sur un seul ch\u00e2ssis de machine. En combinaison avec le film plat, on obtient un emballage \u00e0 banderole qui se r\u00e9tracte de mani\u00e8re \u00e9tanche dans le tunnel de r\u00e9traction en aval.<\/p>\n<p>Ces machines combin\u00e9es sont \u00e9galement disponibles en option comme <strong>machines \u00e0 banderoler serr\u00e9es<\/strong>. Cette machine d&#8217;emballage sous film est utilis\u00e9e pour serrer le film au moyen d&rsquo;un rouleau de traction caoutchout\u00e9 dont le degr\u00e9 de serrage est r\u00e9glable en continu. Un syst\u00e8me de scellement chauff\u00e9 en permanence et ne n\u00e9cessitant pas d&rsquo;entretien peut \u00eatre utilis\u00e9 pour traiter de mani\u00e8re fiable un film de poly\u00e9thyl\u00e8ne de 20 \u00e0 100 M\u00b5 d&rsquo;\u00e9paisseur.<\/p>\n<p>Le produit est aliment\u00e9 par un syst\u00e8me de transport en ligne ou en biais. La formation du paquet est soit produite dans la machine, soit d\u00e9j\u00e0 pr\u00e9-group\u00e9e sur le site. La banderoleuse ou l&rsquo;encartonneuse fonctionne avec un film sup\u00e9rieur et un film inf\u00e9rieur qui sont scell\u00e9s ensemble pour former un \u00ab\u00a0rideau de film\u00a0\u00bb.<\/p>\n<p>Le film est scell\u00e9 autour du produit pendant le transport ou l&rsquo;insertion pour former une banderole. Dans le tunnel de r\u00e9traction situ\u00e9 en aval, les produits sont emball\u00e9s sous film r\u00e9tractable pour former un emballage s\u00fbr et adapt\u00e9 au transport. Le r\u00e9sultat de la r\u00e9traction peut \u00eatre ajust\u00e9 par un contr\u00f4le \u00e9lectronique de la temp\u00e9rature et des volets d&rsquo;air r\u00e9glables dans la zone de r\u00e9traction.[\/vc_column_text][\/vc_column][\/vc_row][vc_row][vc_column width=\u00a0\u00bb1\/2&Prime;][vc_column_text]\n<h2>BMS 600 &#8211; 800 L\/W &#8211; l&rsquo;unit\u00e9 fixe de la machine \u00e0 banderoler et du tunnel de r\u00e9traction sur un seul ch\u00e2ssis de machine<\/h2>\n<ul>\n<li>Degr\u00e9 de serrage r\u00e9glable en continu<\/li>\n<li>Jusqu&rsquo;\u00e0 25 cycles par minute<\/li>\n<li>Soudure et largeur du film de 600 \u00e0 800 millim\u00e8tres<\/li>\n<li>Hauteur de passage de 300 \u00e0 400 millim\u00e8tres<\/li>\n<li>Alimentation semi-automatique et automatique<\/li>\n<\/ul>\n[\/vc_column_text][\/vc_column][\/vc_row]\n<\/div>","protected":false},"excerpt":{"rendered":"<p>[vc_row][vc_column][vc_column_text text_align=\u00a0\u00bbcenter\u00a0\u00bb el_class=\u00a0\u00bbintro\u00a0\u00bb]Les banderoles combin\u00e9es BVM sont con\u00e7ues pour la plage de puissance jusqu&rsquo;\u00e0 environ 15 cycles\/min. La machine \u00e0 banderoler et le tunnel de r\u00e9traction sont mont\u00e9s comme une unit\u00e9 sur un seul ch\u00e2ssis de machine. En combinaison avec le film plat, on obtient un emballage \u00e0 banderole qui se r\u00e9tracte de mani\u00e8re \u00e9tanche&hellip;<\/p>\n","protected":false},"author":1,"featured_media":6359,"parent":6560,"menu_order":8,"comment_status":"closed","ping_status":"closed","template":"","meta":{"_seopress_robots_primary_cat":"","_seopress_titles_title":"","_seopress_titles_desc":"","_seopress_robots_index":"","footnotes":""},"class_list":["post-6617","page","type-page","status-publish","has-post-thumbnail","hentry","entry","has-media"],"_links":{"self":[{"href":"https:\/\/www.itra.be\/fr\/wp-json\/wp\/v2\/pages\/6617","targetHints":{"allow":["GET"]}}],"collection":[{"href":"https:\/\/www.itra.be\/fr\/wp-json\/wp\/v2\/pages"}],"about":[{"href":"https:\/\/www.itra.be\/fr\/wp-json\/wp\/v2\/types\/page"}],"author":[{"embeddable":true,"href":"https:\/\/www.itra.be\/fr\/wp-json\/wp\/v2\/users\/1"}],"replies":[{"embeddable":true,"href":"https:\/\/www.itra.be\/fr\/wp-json\/wp\/v2\/comments?post=6617"}],"version-history":[{"count":5,"href":"https:\/\/www.itra.be\/fr\/wp-json\/wp\/v2\/pages\/6617\/revisions"}],"predecessor-version":[{"id":6984,"href":"https:\/\/www.itra.be\/fr\/wp-json\/wp\/v2\/pages\/6617\/revisions\/6984"}],"up":[{"embeddable":true,"href":"https:\/\/www.itra.be\/fr\/wp-json\/wp\/v2\/pages\/6560"}],"wp:featuredmedia":[{"embeddable":true,"href":"https:\/\/www.itra.be\/fr\/wp-json\/wp\/v2\/media\/6359"}],"wp:attachment":[{"href":"https:\/\/www.itra.be\/fr\/wp-json\/wp\/v2\/media?parent=6617"}],"curies":[{"name":"wp","href":"https:\/\/api.w.org\/{rel}","templated":true}]}}