{"id":6618,"date":"2022-06-27T12:04:26","date_gmt":"2022-06-27T12:04:26","guid":{"rendered":"https:\/\/www.itra.be\/machines-demballage\/film-demballage\/comtex-4g\/"},"modified":"2023-03-13T12:27:36","modified_gmt":"2023-03-13T12:27:36","slug":"comtex-4g","status":"publish","type":"page","link":"https:\/\/www.itra.be\/fr\/machines-demballage\/film-demballage\/comtex-4g\/","title":{"rendered":"Comtex 4G"},"content":{"rendered":"<div class=\"wpb-content-wrapper\">[vc_row][vc_column][vc_column_text text_align=\u00a0\u00bbcenter\u00a0\u00bb el_class=\u00a0\u00bbintro\u00a0\u00bb]\n<p class=\"bodytext\">Un emballage scell\u00e9 \u00e0 trois c\u00f4t\u00e9s est produit en combinaison avec un film semi-tubulaire transparent ou color\u00e9. Travaillant en ligne et contr\u00f4l\u00e9e par des barri\u00e8res immat\u00e9rielles, cette machine peut traiter alternativement des produits entrants de diff\u00e9rentes tailles dans sa gamme de tailles. Les produits ne doivent pas \u00eatre pr\u00e9-tri\u00e9s.<\/p>\n<p class=\"bodytext\">La machine est r\u00e9gl\u00e9e sur les tailles maximales possibles. Selon la largeur du produit, cela cr\u00e9e un d\u00e9passement de film qui est scell\u00e9 dans une station de scellage lat\u00e9ral en aval. Un sac de film \u00e9tanche est produit autour du produit sur tous les c\u00f4t\u00e9s en scannant la taille pendant le processus d&#8217;emballage et en scellant herm\u00e9tiquement le surplomb du film dans les deux directions.<\/p>\n<p class=\"bodytext\">Un article emball\u00e9 dans un film opaque et pr\u00eat \u00e0 \u00eatre exp\u00e9di\u00e9 avec une \u00e9tiquette d&rsquo;exp\u00e9dition est transmis au service d&rsquo;exp\u00e9dition. Ce concept est \u00e9galement bas\u00e9 sur la n\u00e9cessit\u00e9 d&#8217;emballer les retours de textiles dans les maisons de vente par correspondance et a \u00e9t\u00e9 \u00e9tendu \u00e0 l&#8217;emballage d&rsquo;exp\u00e9dition gr\u00e2ce \u00e0 l&rsquo;utilisation de films color\u00e9s. Le traitement d&rsquo;autres produits tels que des livres de diff\u00e9rentes tailles (Book On Demand) et des magazines avec encarts (gimmicks) est \u00e9galement possible.<\/p>\n<p class=\"bodytext\">Le Comtex 4G peut \u00eatre utilis\u00e9 pour les produits entrants et sortants. Par rapport \u00e0 la Comtex 3G, la Comtext 4G couvre une gamme de produits plus large et plus \u00e9lev\u00e9e (largeur de soudure 750 mm, largeur de bande 600 mm) qui est g\u00e9n\u00e9ralement demand\u00e9e pour les applications sortantes.<\/p>\n<p class=\"bodytext\">La nouvelle g\u00e9n\u00e9ration de <strong>ligne de conditionnement enti\u00e8rement automatique pour la vente par correspondance et les retours<\/strong> est disponible avec ou sans \u00e9tiquetage. Dans la famille Comtex, le fonctionnement de la <strong>station de scellement lat\u00e9ral<\/strong> a \u00e9t\u00e9 fondamentalement modifi\u00e9 pour augmenter les performances. Cela permet de produire <strong>jusqu&rsquo;\u00e0 1800 pi\u00e8ces par heure<\/strong>. Une demande de brevet a \u00e9t\u00e9 d\u00e9pos\u00e9e pour cette innovation.<\/p>\n[\/vc_column_text][\/vc_column][\/vc_row][vc_row][vc_column width=\u00a0\u00bb1\/2&Prime;][vc_column_text]\n<h2>Comtex 4G &#8211; la machine pour l&#8217;emballage enti\u00e8rement automatique d&rsquo;articles entrants altern\u00e9s dans un film color\u00e9 pour l&rsquo;exp\u00e9dition ou le traitement des retours.<\/h2>\n<ul>\n<li>Poste de scellement lat\u00e9ral plus performant<\/li>\n<li>Emballage enti\u00e8rement automatique pour la vente par correspondance et les retours<\/li>\n<li>Traitement de produits chaotiques arrivant alternativement dans un film color\u00e9<\/li>\n<li>Travail en ligne<\/li>\n<li>Emballage scell\u00e9 sur trois c\u00f4t\u00e9s<\/li>\n<li>Largeur de scellement : 750 mm en travers, 800 mm en longueur<\/li>\n<li>Hauteur du produit : Max. 250 mm (selon le produit et l&rsquo;\u00e9quipement)<\/li>\n<li>Les produits ne doivent pas \u00eatre pr\u00e9-tri\u00e9s.<\/li>\n<li>Possibilit\u00e9 de traiter jusqu&rsquo;\u00e0 1 800 pi\u00e8ces par heure<\/li>\n<\/ul>\n[\/vc_column_text][\/vc_column][vc_column width=\u00a0\u00bb1\/2&Prime;][vc_column_text]\n<h2>Des emballages plus efficaces et plus \u00e9conomiques pour le commerce \u00e9lectronique<\/h2>\n<p>L&#8217;emballage d&rsquo;exp\u00e9dition d&rsquo;un syst\u00e8me BVM permet d&rsquo;\u00e9conomiser :<\/p>\n<ul>\n<li>Bo\u00eetes en carton<\/li>\n<li>Stations d&#8217;emballage sophistiqu\u00e9es<\/li>\n<li>Station de stockage<\/li>\n<li>Mat\u00e9riau de remplissage<\/li>\n<li>Co\u00fbts des mat\u00e9riaux<\/li>\n<li>Temps<\/li>\n<\/ul>\n[\/vc_column_text][\/vc_column][\/vc_row]\n<\/div>","protected":false},"excerpt":{"rendered":"<p>[vc_row][vc_column][vc_column_text text_align=\u00a0\u00bbcenter\u00a0\u00bb el_class=\u00a0\u00bbintro\u00a0\u00bb] Un emballage scell\u00e9 \u00e0 trois c\u00f4t\u00e9s est produit en combinaison avec un film semi-tubulaire transparent ou color\u00e9. Travaillant en ligne et contr\u00f4l\u00e9e par des barri\u00e8res immat\u00e9rielles, cette machine peut traiter alternativement des produits entrants de diff\u00e9rentes tailles dans sa gamme de tailles. Les produits ne doivent pas \u00eatre pr\u00e9-tri\u00e9s. La machine est&hellip;<\/p>\n","protected":false},"author":1,"featured_media":6353,"parent":6560,"menu_order":5,"comment_status":"closed","ping_status":"closed","template":"","meta":{"_seopress_robots_primary_cat":"","_seopress_titles_title":"","_seopress_titles_desc":"","_seopress_robots_index":"","footnotes":""},"class_list":["post-6618","page","type-page","status-publish","has-post-thumbnail","hentry","entry","has-media"],"_links":{"self":[{"href":"https:\/\/www.itra.be\/fr\/wp-json\/wp\/v2\/pages\/6618","targetHints":{"allow":["GET"]}}],"collection":[{"href":"https:\/\/www.itra.be\/fr\/wp-json\/wp\/v2\/pages"}],"about":[{"href":"https:\/\/www.itra.be\/fr\/wp-json\/wp\/v2\/types\/page"}],"author":[{"embeddable":true,"href":"https:\/\/www.itra.be\/fr\/wp-json\/wp\/v2\/users\/1"}],"replies":[{"embeddable":true,"href":"https:\/\/www.itra.be\/fr\/wp-json\/wp\/v2\/comments?post=6618"}],"version-history":[{"count":5,"href":"https:\/\/www.itra.be\/fr\/wp-json\/wp\/v2\/pages\/6618\/revisions"}],"predecessor-version":[{"id":6966,"href":"https:\/\/www.itra.be\/fr\/wp-json\/wp\/v2\/pages\/6618\/revisions\/6966"}],"up":[{"embeddable":true,"href":"https:\/\/www.itra.be\/fr\/wp-json\/wp\/v2\/pages\/6560"}],"wp:featuredmedia":[{"embeddable":true,"href":"https:\/\/www.itra.be\/fr\/wp-json\/wp\/v2\/media\/6353"}],"wp:attachment":[{"href":"https:\/\/www.itra.be\/fr\/wp-json\/wp\/v2\/media?parent=6618"}],"curies":[{"name":"wp","href":"https:\/\/api.w.org\/{rel}","templated":true}]}}