{"id":6622,"date":"2022-06-27T12:11:08","date_gmt":"2022-06-27T12:11:08","guid":{"rendered":"https:\/\/www.itra.be\/machines-demballage\/film-demballage\/sp-400-1600-l-w-le-lg\/"},"modified":"2023-03-13T12:27:45","modified_gmt":"2023-03-13T12:27:45","slug":"sp-400-1600-l-w-le-lg","status":"publish","type":"page","link":"https:\/\/www.itra.be\/fr\/machines-demballage\/film-demballage\/sp-400-1600-l-w-le-lg\/","title":{"rendered":"SP 400 &#8211; 1600 L\/W\/LE\/LG"},"content":{"rendered":"<div class=\"wpb-content-wrapper\">[vc_row][vc_column][vc_column_text text_align=\u00a0\u00bbcenter\u00a0\u00bb el_class=\u00a0\u00bbintro\u00a0\u00bb]Les <strong>emballeuses BVM<\/strong> travaillent chacune avec un film sup\u00e9rieur et un film inf\u00e9rieur et, en combinaison avec l&rsquo;\u00e9tirage du film, produisent une banderole serr\u00e9e autour des produits.<\/p>\n<p>Cette machine d&#8217;emballage sous film est utilis\u00e9e pour serrer le film au moyen d&rsquo;un rouleau de traction caoutchout\u00e9 dont le degr\u00e9 de serrage est r\u00e9glable en continu. Cela permet d&#8217;emballer herm\u00e9tiquement aussi bien des piles que des paquets de bouteilles ou de bo\u00eetes de conserve, par exemple. L&rsquo;utilisation d&rsquo;un tunnel de r\u00e9traction s\u00e9par\u00e9 permet, selon le produit, de r\u00e9tracter le film exc\u00e9dentaire.<\/p>\n<p>Le produit est introduit dans ce syst\u00e8me d&#8217;emballage par un syst\u00e8me de transport en ligne ou en biais. La formation de l&#8217;emballage est soit produite dans la machine d&#8217;emballage, soit d\u00e9j\u00e0 pr\u00e9-group\u00e9e sur le site. L&#8217;emballeuse \u00e9tanche travaille avec un film sup\u00e9rieur et un film inf\u00e9rieur de sorte que l&#8217;emballage sous film est scell\u00e9 ensemble pour former un \u00ab\u00a0rideau de film\u00a0\u00bb.<\/p>\n<p>Le film est scell\u00e9 dans une banderole pendant le transport ou l&rsquo;insertion. Dans le tunnel de r\u00e9traction situ\u00e9 en aval, les produits sont emball\u00e9s sous film r\u00e9tractable pour former un emballage s\u00fbr et adapt\u00e9 au transport.<\/p>\n<p>Le r\u00e9sultat de la r\u00e9traction peut \u00eatre ajust\u00e9 par un contr\u00f4le \u00e9lectronique de la temp\u00e9rature et des volets d&rsquo;air r\u00e9glables dans la zone de r\u00e9traction.[\/vc_column_text][\/vc_column][\/vc_row][vc_row][vc_column width=\u00a0\u00bb1\/2&Prime;][vc_column_text]\n<h2>SP 400 &#8211; 1600 L\/W\/LE\/LG &#8211; pour la banderole de film serr\u00e9, \u00e9galement sans r\u00e9traction<\/h2>\n<ul>\n<li>Banderole de film \u00e9tanche sans r\u00e9tr\u00e9cissement<\/li>\n<li>\u00c9conomie de film<\/li>\n<li>Entra\u00eenement servo-command\u00e9 pour l&rsquo;insertion et le scellement<\/li>\n<li>Vitesses contr\u00f4lables<\/li>\n<\/ul>\n[\/vc_column_text][\/vc_column][\/vc_row]\n<\/div>","protected":false},"excerpt":{"rendered":"<p>[vc_row][vc_column][vc_column_text text_align=\u00a0\u00bbcenter\u00a0\u00bb el_class=\u00a0\u00bbintro\u00a0\u00bb]Les emballeuses BVM travaillent chacune avec un film sup\u00e9rieur et un film inf\u00e9rieur et, en combinaison avec l&rsquo;\u00e9tirage du film, produisent une banderole serr\u00e9e autour des produits. Cette machine d&#8217;emballage sous film est utilis\u00e9e pour serrer le film au moyen d&rsquo;un rouleau de traction caoutchout\u00e9 dont le degr\u00e9 de serrage est r\u00e9glable en&hellip;<\/p>\n","protected":false},"author":1,"featured_media":6361,"parent":6560,"menu_order":9,"comment_status":"closed","ping_status":"closed","template":"","meta":{"_seopress_robots_primary_cat":"","_seopress_titles_title":"","_seopress_titles_desc":"","_seopress_robots_index":"","footnotes":""},"class_list":["post-6622","page","type-page","status-publish","has-post-thumbnail","hentry","entry","has-media"],"_links":{"self":[{"href":"https:\/\/www.itra.be\/fr\/wp-json\/wp\/v2\/pages\/6622","targetHints":{"allow":["GET"]}}],"collection":[{"href":"https:\/\/www.itra.be\/fr\/wp-json\/wp\/v2\/pages"}],"about":[{"href":"https:\/\/www.itra.be\/fr\/wp-json\/wp\/v2\/types\/page"}],"author":[{"embeddable":true,"href":"https:\/\/www.itra.be\/fr\/wp-json\/wp\/v2\/users\/1"}],"replies":[{"embeddable":true,"href":"https:\/\/www.itra.be\/fr\/wp-json\/wp\/v2\/comments?post=6622"}],"version-history":[{"count":5,"href":"https:\/\/www.itra.be\/fr\/wp-json\/wp\/v2\/pages\/6622\/revisions"}],"predecessor-version":[{"id":6988,"href":"https:\/\/www.itra.be\/fr\/wp-json\/wp\/v2\/pages\/6622\/revisions\/6988"}],"up":[{"embeddable":true,"href":"https:\/\/www.itra.be\/fr\/wp-json\/wp\/v2\/pages\/6560"}],"wp:featuredmedia":[{"embeddable":true,"href":"https:\/\/www.itra.be\/fr\/wp-json\/wp\/v2\/media\/6361"}],"wp:attachment":[{"href":"https:\/\/www.itra.be\/fr\/wp-json\/wp\/v2\/media?parent=6622"}],"curies":[{"name":"wp","href":"https:\/\/api.w.org\/{rel}","templated":true}]}}