{"id":6628,"date":"2022-06-27T12:12:40","date_gmt":"2022-06-27T12:12:40","guid":{"rendered":"https:\/\/www.itra.be\/machines-demballage\/film-demballage\/sm-genius-5015-konti-sm-genius-7515-konti\/"},"modified":"2022-10-11T14:27:09","modified_gmt":"2022-10-11T14:27:09","slug":"sm-genius-5015-konti-sm-genius-7515-konti","status":"publish","type":"page","link":"https:\/\/www.itra.be\/fr\/machines-demballage\/film-demballage\/sm-genius-5015-konti-sm-genius-7515-konti\/","title":{"rendered":"SM Genius 5015 Konti\/SM Genius 7515 Konti"},"content":{"rendered":"<div class=\"wpb-content-wrapper\">[vc_row][vc_column][vc_column_text text_align=\u00a0\u00bbcenter\u00a0\u00bb el_class=\u00a0\u00bbintro\u00a0\u00bb]\n<p class=\"bodytext\">La <b>s\u00e9rie de machines de conditionnement<\/b> <b>SM Genius<\/b> <strong>Konti<\/strong> est adapt\u00e9e au conditionnement enti\u00e8rement automatique.<br \/>\nLa <b>Genius Servo Konti<\/b> est une machine \u00e0 \u00e9paule profil\u00e9e, qui peut \u00eatre charg\u00e9e aussi bien manuellement que de mani\u00e8re enti\u00e8rement automatique. Le film plat est utilis\u00e9 pour produire un emballage ferm\u00e9 sur tous les c\u00f4t\u00e9s avec un chevauchement sur la face inf\u00e9rieure du produit.<\/p>\n<p class=\"bodytext\">Le syst\u00e8me d&#8217;emballage sophistiqu\u00e9 et les syst\u00e8mes d&rsquo;alimentation associ\u00e9s permettent des pointes de rendement de plus <b>de 120 cycles\/min.<\/b> Gr\u00e2ce \u00e0 des syst\u00e8mes de soudure chauff\u00e9s en permanence, tous les films disponibles dans le commerce, du poly\u00e9thyl\u00e8ne au PVC en passant par les polyol\u00e9fines, peuvent \u00eatre trait\u00e9s sur cette machine \u00e0 emballer les films. En combinaison avec le film polyol\u00e9fine et le couteau de d\u00e9coupe BVM, les joints de soudure les plus fins peuvent \u00eatre r\u00e9alis\u00e9s.<\/p>\n<p class=\"bodytext\">Les changements simples de la machine d&#8217;emballage Genius sans manivelle via des servomoteurs, \u00e9galement pour les positions de scellage et le niveau de scellage, garantissent des temps de changement courts et une grande fiabilit\u00e9 de production. La gamme de taille s&rsquo;\u00e9tend de 450 mm \u00e0 700 mm de largeur de scellement, selon le mod\u00e8le.<\/p>\n[\/vc_column_text][\/vc_column][\/vc_row][vc_row][vc_column width=\u00a0\u00bb1\/2&Prime;][vc_column_text]\n<h2>S\u00e9rie SM Genius Konti &#8211; les machines \u00e0 sacs tubulaires pour un conditionnement enti\u00e8rement automatique<\/h2>\n<ul>\n<li>Syst\u00e8me de scellement chauff\u00e9 en permanence<\/li>\n<li>Tous les films disponibles dans le commerce peuvent \u00eatre trait\u00e9s<\/li>\n<li>Jusqu&rsquo;\u00e0 120 cycles\/minute<\/li>\n<\/ul>\n[\/vc_column_text][\/vc_column][\/vc_row]\n<\/div>","protected":false},"excerpt":{"rendered":"<p>[vc_row][vc_column][vc_column_text text_align=\u00a0\u00bbcenter\u00a0\u00bb el_class=\u00a0\u00bbintro\u00a0\u00bb] La s\u00e9rie de machines de conditionnement SM Genius Konti est adapt\u00e9e au conditionnement enti\u00e8rement automatique. La Genius Servo Konti est une machine \u00e0 \u00e9paule profil\u00e9e, qui peut \u00eatre charg\u00e9e aussi bien manuellement que de mani\u00e8re enti\u00e8rement automatique. Le film plat est utilis\u00e9 pour produire un emballage ferm\u00e9 sur tous les c\u00f4t\u00e9s avec&hellip;<\/p>\n","protected":false},"author":1,"featured_media":6363,"parent":6560,"menu_order":10,"comment_status":"closed","ping_status":"closed","template":"","meta":{"_seopress_robots_primary_cat":"","_seopress_titles_title":"","_seopress_titles_desc":"","_seopress_robots_index":"","footnotes":""},"class_list":["post-6628","page","type-page","status-publish","has-post-thumbnail","hentry","entry","has-media"],"_links":{"self":[{"href":"https:\/\/www.itra.be\/fr\/wp-json\/wp\/v2\/pages\/6628","targetHints":{"allow":["GET"]}}],"collection":[{"href":"https:\/\/www.itra.be\/fr\/wp-json\/wp\/v2\/pages"}],"about":[{"href":"https:\/\/www.itra.be\/fr\/wp-json\/wp\/v2\/types\/page"}],"author":[{"embeddable":true,"href":"https:\/\/www.itra.be\/fr\/wp-json\/wp\/v2\/users\/1"}],"replies":[{"embeddable":true,"href":"https:\/\/www.itra.be\/fr\/wp-json\/wp\/v2\/comments?post=6628"}],"version-history":[{"count":4,"href":"https:\/\/www.itra.be\/fr\/wp-json\/wp\/v2\/pages\/6628\/revisions"}],"predecessor-version":[{"id":6738,"href":"https:\/\/www.itra.be\/fr\/wp-json\/wp\/v2\/pages\/6628\/revisions\/6738"}],"up":[{"embeddable":true,"href":"https:\/\/www.itra.be\/fr\/wp-json\/wp\/v2\/pages\/6560"}],"wp:featuredmedia":[{"embeddable":true,"href":"https:\/\/www.itra.be\/fr\/wp-json\/wp\/v2\/media\/6363"}],"wp:attachment":[{"href":"https:\/\/www.itra.be\/fr\/wp-json\/wp\/v2\/media?parent=6628"}],"curies":[{"name":"wp","href":"https:\/\/api.w.org\/{rel}","templated":true}]}}