{"id":6632,"date":"2022-06-27T12:13:53","date_gmt":"2022-06-27T12:13:53","guid":{"rendered":"https:\/\/www.itra.be\/machines-demballage\/film-demballage\/sm-genius-5015-prof-sm-genius-7515-prof\/"},"modified":"2022-10-11T14:27:09","modified_gmt":"2022-10-11T14:27:09","slug":"sm-genius-5015-prof-sm-genius-7515-prof","status":"publish","type":"page","link":"https:\/\/www.itra.be\/fr\/machines-demballage\/film-demballage\/sm-genius-5015-prof-sm-genius-7515-prof\/","title":{"rendered":"SM Genius 5015 Prof\/SM Genius 7515 Prof"},"content":{"rendered":"<div class=\"wpb-content-wrapper\">[vc_row][vc_column][vc_column_text text_align=\u00a0\u00bbcenter\u00a0\u00bb el_class=\u00a0\u00bbintro\u00a0\u00bb]La <strong>s\u00e9rie de machines d&#8217;emballage sous film SM Genius<\/strong> est adapt\u00e9e \u00e0 un emballage enti\u00e8rement automatique. Travaillant en ligne, la machine peut \u00eatre charg\u00e9e aussi bien manuellement que de mani\u00e8re enti\u00e8rement automatique. La machine d&#8217;emballage sous film est utilis\u00e9e en combinaison avec un film plat pour produire un emballage ferm\u00e9 sur tous les c\u00f4t\u00e9s avec un chevauchement de film sur la face inf\u00e9rieure.<\/p>\n<p>Le syst\u00e8me d&#8217;emballage sophistiqu\u00e9 et les syst\u00e8mes d&rsquo;alimentation associ\u00e9s permettent d&rsquo;atteindre des pointes de rendement <strong>allant jusqu&rsquo;\u00e0 60 m\u00e8tres de produit\/minute.<\/strong> selon le mod\u00e8le et l&rsquo;\u00e9quipement de la machine d&#8217;emballage. Gr\u00e2ce \u00e0 des syst\u00e8mes de soudure chauff\u00e9s en permanence, tous les films disponibles dans le commerce, de la polyol\u00e9fine au poly\u00e9thyl\u00e8ne et au PVC, peuvent \u00eatre trait\u00e9s sur cette machine \u00e0 emballer les films.<\/p>\n<p>Le changement simple de la machine d&#8217;emballage Genius par des manivelles, le r\u00e9glage en partie servo-motoris\u00e9 et central de l&rsquo;\u00e9paulement form\u00e9 par des manivelles et les guides dans l&rsquo;entr\u00e9e garantissent des temps de changement courts de la machine d&#8217;emballage sous film ainsi qu&rsquo;une grande fiabilit\u00e9 de production. Les tailles vont de 450 mm \u00e0 700 mm selon le mod\u00e8le et garantissent la couverture d&rsquo;un large spectre pour la solution professionnelle des t\u00e2ches d&#8217;emballage. Machines d&#8217;emballage BVM pour les exigences les plus \u00e9lev\u00e9es.[\/vc_column_text][\/vc_column][\/vc_row][vc_row][vc_column width=\u00a0\u00bb1\/2&Prime;][vc_column_text]\n<h2>S\u00e9rie SM Genius Prof &#8211; les machines \u00e0 sacs tubulaires pour un conditionnement enti\u00e8rement automatique<\/h2>\n<ul>\n<li>Emballage enti\u00e8rement automatique<\/li>\n<li>Syst\u00e8me de scellement chauff\u00e9 en permanence<\/li>\n<li>Jusqu&rsquo;\u00e0 60 m\u00e8tres de produit\/minute<\/li>\n<\/ul>\n[\/vc_column_text][\/vc_column][\/vc_row]\n<\/div>","protected":false},"excerpt":{"rendered":"<p>[vc_row][vc_column][vc_column_text text_align=\u00a0\u00bbcenter\u00a0\u00bb el_class=\u00a0\u00bbintro\u00a0\u00bb]La s\u00e9rie de machines d&#8217;emballage sous film SM Genius est adapt\u00e9e \u00e0 un emballage enti\u00e8rement automatique. Travaillant en ligne, la machine peut \u00eatre charg\u00e9e aussi bien manuellement que de mani\u00e8re enti\u00e8rement automatique. La machine d&#8217;emballage sous film est utilis\u00e9e en combinaison avec un film plat pour produire un emballage ferm\u00e9 sur tous les&hellip;<\/p>\n","protected":false},"author":1,"featured_media":6365,"parent":6560,"menu_order":11,"comment_status":"closed","ping_status":"closed","template":"","meta":{"_seopress_robots_primary_cat":"","_seopress_titles_title":"","_seopress_titles_desc":"","_seopress_robots_index":"","footnotes":""},"class_list":["post-6632","page","type-page","status-publish","has-post-thumbnail","hentry","entry","has-media"],"_links":{"self":[{"href":"https:\/\/www.itra.be\/fr\/wp-json\/wp\/v2\/pages\/6632","targetHints":{"allow":["GET"]}}],"collection":[{"href":"https:\/\/www.itra.be\/fr\/wp-json\/wp\/v2\/pages"}],"about":[{"href":"https:\/\/www.itra.be\/fr\/wp-json\/wp\/v2\/types\/page"}],"author":[{"embeddable":true,"href":"https:\/\/www.itra.be\/fr\/wp-json\/wp\/v2\/users\/1"}],"replies":[{"embeddable":true,"href":"https:\/\/www.itra.be\/fr\/wp-json\/wp\/v2\/comments?post=6632"}],"version-history":[{"count":5,"href":"https:\/\/www.itra.be\/fr\/wp-json\/wp\/v2\/pages\/6632\/revisions"}],"predecessor-version":[{"id":6763,"href":"https:\/\/www.itra.be\/fr\/wp-json\/wp\/v2\/pages\/6632\/revisions\/6763"}],"up":[{"embeddable":true,"href":"https:\/\/www.itra.be\/fr\/wp-json\/wp\/v2\/pages\/6560"}],"wp:featuredmedia":[{"embeddable":true,"href":"https:\/\/www.itra.be\/fr\/wp-json\/wp\/v2\/media\/6365"}],"wp:attachment":[{"href":"https:\/\/www.itra.be\/fr\/wp-json\/wp\/v2\/media?parent=6632"}],"curies":[{"name":"wp","href":"https:\/\/api.w.org\/{rel}","templated":true}]}}