{"id":6644,"date":"2022-06-27T12:15:12","date_gmt":"2022-06-27T12:15:12","guid":{"rendered":"https:\/\/www.itra.be\/machines-demballage\/film-demballage\/sc-400-1600\/"},"modified":"2022-10-11T14:27:09","modified_gmt":"2022-10-11T14:27:09","slug":"sc-400-1600","status":"publish","type":"page","link":"https:\/\/www.itra.be\/fr\/machines-demballage\/film-demballage\/sc-400-1600\/","title":{"rendered":"SC 400 &#8211; 1600"},"content":{"rendered":"<div class=\"wpb-content-wrapper\">[vc_row][vc_column][vc_column_text text_align=\u00a0\u00bbcenter\u00a0\u00bb el_class=\u00a0\u00bbintro\u00a0\u00bb]Les tunnels de r\u00e9traction BVM sont \u00e9quip\u00e9s en standard de tiges de transport r\u00e9sistantes \u00e0 la chaleur et recouvertes de caoutchouc silicone. Les tunnels de r\u00e9traction peuvent \u00eatre \u00e9quip\u00e9s d&rsquo;un tapis \u00e0 mailles m\u00e9talliques, d&rsquo;un tapis \u00e0 maillons en plastique r\u00e9sistant \u00e0 la chaleur avec chicane ou de tiges de transport rotatives pour le traitement de films r\u00e9tractables fins. La nouvelle cha\u00eene hybride est brevet\u00e9e, sans entretien et constitue un autre point fort des tunnels de r\u00e9traction BVM. Des doubles volets d&rsquo;a\u00e9ration permettent de r\u00e9gler la conduite d&rsquo;air \u00e0 l&rsquo;int\u00e9rieur du tunnel de r\u00e9traction s\u00e9par\u00e9ment de l&rsquo;ext\u00e9rieur. La vitesse de transport peut \u00eatre r\u00e9gl\u00e9e en continu sur le panneau de commande. Un r\u00e9gulateur de temp\u00e9rature num\u00e9rique et un contr\u00f4le \u00e9lectronique du volume d&rsquo;air permettent de r\u00e9gler le tunnel de r\u00e9traction \u00e0 une temp\u00e9rature maximale constante pouvant atteindre 250 \u00b0C.<\/p>\n<p>RAL 5007 &#8211; peinture standard bleu brillant pour nos tunnels de r\u00e9traction[\/vc_column_text][\/vc_column][\/vc_row][vc_row][vc_column width=\u00a0\u00bb1\/2&Prime;][vc_column_text]\n<h2>SC 400 &#8211; 1600 &#8211; les tunnels de r\u00e9traction haute performance<\/h2>\n<ul>\n<li>Bande \u00e0 maillons en plastique ou bande \u00e0 mailles possible<\/li>\n<li>Aucune marque sur le dessous du produit<\/li>\n<li>Volume d&rsquo;air r\u00e9glable individuellement<\/li>\n<li>Cha\u00eene hybride sans entretien, en option<\/li>\n<li>Syst\u00e8me de maintien pour les produits graphiques minces<\/li>\n<\/ul>\n[\/vc_column_text][\/vc_column][\/vc_row]\n<\/div>","protected":false},"excerpt":{"rendered":"<p>[vc_row][vc_column][vc_column_text text_align=\u00a0\u00bbcenter\u00a0\u00bb el_class=\u00a0\u00bbintro\u00a0\u00bb]Les tunnels de r\u00e9traction BVM sont \u00e9quip\u00e9s en standard de tiges de transport r\u00e9sistantes \u00e0 la chaleur et recouvertes de caoutchouc silicone. Les tunnels de r\u00e9traction peuvent \u00eatre \u00e9quip\u00e9s d&rsquo;un tapis \u00e0 mailles m\u00e9talliques, d&rsquo;un tapis \u00e0 maillons en plastique r\u00e9sistant \u00e0 la chaleur avec chicane ou de tiges de transport rotatives pour&hellip;<\/p>\n","protected":false},"author":1,"featured_media":6367,"parent":6560,"menu_order":12,"comment_status":"closed","ping_status":"closed","template":"","meta":{"_seopress_robots_primary_cat":"","_seopress_titles_title":"","_seopress_titles_desc":"","_seopress_robots_index":"","footnotes":""},"class_list":["post-6644","page","type-page","status-publish","has-post-thumbnail","hentry","entry","has-media"],"_links":{"self":[{"href":"https:\/\/www.itra.be\/fr\/wp-json\/wp\/v2\/pages\/6644","targetHints":{"allow":["GET"]}}],"collection":[{"href":"https:\/\/www.itra.be\/fr\/wp-json\/wp\/v2\/pages"}],"about":[{"href":"https:\/\/www.itra.be\/fr\/wp-json\/wp\/v2\/types\/page"}],"author":[{"embeddable":true,"href":"https:\/\/www.itra.be\/fr\/wp-json\/wp\/v2\/users\/1"}],"replies":[{"embeddable":true,"href":"https:\/\/www.itra.be\/fr\/wp-json\/wp\/v2\/comments?post=6644"}],"version-history":[{"count":4,"href":"https:\/\/www.itra.be\/fr\/wp-json\/wp\/v2\/pages\/6644\/revisions"}],"predecessor-version":[{"id":6704,"href":"https:\/\/www.itra.be\/fr\/wp-json\/wp\/v2\/pages\/6644\/revisions\/6704"}],"up":[{"embeddable":true,"href":"https:\/\/www.itra.be\/fr\/wp-json\/wp\/v2\/pages\/6560"}],"wp:featuredmedia":[{"embeddable":true,"href":"https:\/\/www.itra.be\/fr\/wp-json\/wp\/v2\/media\/6367"}],"wp:attachment":[{"href":"https:\/\/www.itra.be\/fr\/wp-json\/wp\/v2\/media?parent=6644"}],"curies":[{"name":"wp","href":"https:\/\/api.w.org\/{rel}","templated":true}]}}