{"id":6709,"date":"2022-06-27T12:46:58","date_gmt":"2022-06-27T12:46:58","guid":{"rendered":"https:\/\/www.itra.be\/machines-demballage\/machines-demballage-a-coussin-dair\/comtex-4g\/"},"modified":"2022-10-11T14:27:08","modified_gmt":"2022-10-11T14:27:08","slug":"comtex-4g","status":"publish","type":"page","link":"https:\/\/www.itra.be\/fr\/machines-demballage\/machines-demballage-a-coussin-dair\/comtex-4g\/","title":{"rendered":"Comtex 4G"},"content":{"rendered":"<div class=\"wpb-content-wrapper\">[vc_row][vc_column][vc_column_text text_align=\u00a0\u00bbcenter\u00a0\u00bb el_class=\u00a0\u00bbintro\u00a0\u00bb]Le film plat sur coussin d&rsquo;air est utilis\u00e9 pour produire des emballages qui sont scell\u00e9s sur trois c\u00f4t\u00e9s. Travaillant en ligne et contr\u00f4l\u00e9e par des barri\u00e8res immat\u00e9rielles, cette machine peut traiter alternativement des produits entrants de diff\u00e9rentes tailles dans sa gamme de tailles.<\/p>\n<p>Cela signifie que la longueur, la largeur et la hauteur du produit peuvent varier. Les produits ne doivent pas \u00eatre pr\u00e9-tri\u00e9s.<\/p>\n<p>La machine est r\u00e9gl\u00e9e sur les tailles maximales possibles. Selon la largeur du produit, cela cr\u00e9e un d\u00e9passement de film qui est scell\u00e9 dans une station de scellage lat\u00e9ral en aval. En scannant le produit pendant le processus d&#8217;emballage et en scellant herm\u00e9tiquement le surplomb du film dans les deux sens, un sac de film \u00e0 coussin d&rsquo;air \u00e9tanche est produit autour du produit sur tous les c\u00f4t\u00e9s.<\/p>\n<p>Excellent pour l&rsquo;automobile, les pi\u00e8ces d\u00e9tach\u00e9es, les moteurs, les bo\u00eetes de vitesses et les composants \u00e9lectroniques, mais aussi pour les livres et les photos, les cadres, etc.<\/p>\n<p>Les machines d&#8217;emballage sur coussin d&rsquo;air sont disponibles avec ou sans \u00e9tiquetage.[\/vc_column_text][\/vc_column][\/vc_row][vc_row][vc_column width=\u00a0\u00bb1\/2&Prime;][vc_column_text]\n<h2>Comtex 4G &#8211; emballez les produits sensibles dans le sac appropri\u00e9 avec un film \u00e0 coussin d&rsquo;air.<\/h2>\n<p>Machine d&#8217;emballage \u00e0 coussin d&rsquo;air Comtex 4G<\/p>\n<ul>\n<li>Poste de scellement lat\u00e9ral plus performant<\/li>\n<li>Emballage enti\u00e8rement automatique pour la vente par correspondance et les retours<\/li>\n<li>Traitement de produits chaotiques arrivant alternativement dans un film color\u00e9<\/li>\n<li>Travail en ligne<\/li>\n<li>Emballage scell\u00e9 sur trois c\u00f4t\u00e9s<\/li>\n<li>Largeur de scellement : 750 mm en travers, 800 mm en longueur<\/li>\n<li>Hauteur du produit : Max. 220-300 mm (selon le produit et l&rsquo;\u00e9quipement)<\/li>\n<li>Les produits ne doivent pas \u00eatre pr\u00e9-tri\u00e9s.<\/li>\n<li>Possibilit\u00e9 de traiter jusqu&rsquo;\u00e0 1 800 pi\u00e8ces par heure<\/li>\n<\/ul>\n[\/vc_column_text][\/vc_column][vc_column width=\u00a0\u00bb1\/2&Prime;][vc_column_text]\n<h2>Des emballages plus efficaces et plus \u00e9conomiques pour le commerce \u00e9lectronique<\/h2>\n<p>Que ce soit dans le secteur professionnel haut de gamme ou dans la jeune entreprise de vente par correspondance, la nouvelle g\u00e9n\u00e9ration de lignes d&#8217;emballage enti\u00e8rement automatiques vous permet d&#8217;emballer efficacement et \u00e0 moindre co\u00fbt. Le Comtext 4G peut \u00eatre utilis\u00e9 comme syst\u00e8me d&rsquo;exp\u00e9dition ou syst\u00e8me de retour.[\/vc_column_text][vc_column_text]\n<h2>L&#8217;emballage d&rsquo;exp\u00e9dition d&rsquo;un syst\u00e8me BVM permet d&rsquo;\u00e9conomiser :<\/h2>\n<ul>\n<li>Bo\u00eetes en carton<\/li>\n<li>Stations d&#8217;emballage sophistiqu\u00e9es<\/li>\n<li>Station de stockage<\/li>\n<li>Mat\u00e9riau de remplissage<\/li>\n<li>Co\u00fbts des mat\u00e9riaux<\/li>\n<li>Temps<\/li>\n<\/ul>\n[\/vc_column_text][\/vc_column][\/vc_row]\n<\/div>","protected":false},"excerpt":{"rendered":"<p>[vc_row][vc_column][vc_column_text text_align=\u00a0\u00bbcenter\u00a0\u00bb el_class=\u00a0\u00bbintro\u00a0\u00bb]Le film plat sur coussin d&rsquo;air est utilis\u00e9 pour produire des emballages qui sont scell\u00e9s sur trois c\u00f4t\u00e9s. Travaillant en ligne et contr\u00f4l\u00e9e par des barri\u00e8res immat\u00e9rielles, cette machine peut traiter alternativement des produits entrants de diff\u00e9rentes tailles dans sa gamme de tailles. Cela signifie que la longueur, la largeur et la hauteur&hellip;<\/p>\n","protected":false},"author":1,"featured_media":6377,"parent":6685,"menu_order":3,"comment_status":"closed","ping_status":"closed","template":"","meta":{"_seopress_robots_primary_cat":"","_seopress_titles_title":"","_seopress_titles_desc":"","_seopress_robots_index":"","footnotes":""},"class_list":["post-6709","page","type-page","status-publish","has-post-thumbnail","hentry","entry","has-media"],"_links":{"self":[{"href":"https:\/\/www.itra.be\/fr\/wp-json\/wp\/v2\/pages\/6709","targetHints":{"allow":["GET"]}}],"collection":[{"href":"https:\/\/www.itra.be\/fr\/wp-json\/wp\/v2\/pages"}],"about":[{"href":"https:\/\/www.itra.be\/fr\/wp-json\/wp\/v2\/types\/page"}],"author":[{"embeddable":true,"href":"https:\/\/www.itra.be\/fr\/wp-json\/wp\/v2\/users\/1"}],"replies":[{"embeddable":true,"href":"https:\/\/www.itra.be\/fr\/wp-json\/wp\/v2\/comments?post=6709"}],"version-history":[{"count":2,"href":"https:\/\/www.itra.be\/fr\/wp-json\/wp\/v2\/pages\/6709\/revisions"}],"predecessor-version":[{"id":6722,"href":"https:\/\/www.itra.be\/fr\/wp-json\/wp\/v2\/pages\/6709\/revisions\/6722"}],"up":[{"embeddable":true,"href":"https:\/\/www.itra.be\/fr\/wp-json\/wp\/v2\/pages\/6685"}],"wp:featuredmedia":[{"embeddable":true,"href":"https:\/\/www.itra.be\/fr\/wp-json\/wp\/v2\/media\/6377"}],"wp:attachment":[{"href":"https:\/\/www.itra.be\/fr\/wp-json\/wp\/v2\/media?parent=6709"}],"curies":[{"name":"wp","href":"https:\/\/api.w.org\/{rel}","templated":true}]}}