{"id":6768,"date":"2022-06-27T13:00:49","date_gmt":"2022-06-27T13:00:49","guid":{"rendered":"https:\/\/www.itra.be\/tm-4\/"},"modified":"2022-10-11T14:27:09","modified_gmt":"2022-10-11T14:27:09","slug":"tm-4","status":"publish","type":"page","link":"https:\/\/www.itra.be\/fr\/machines-demballage\/machines-demballage-en-carton\/tm-4\/","title":{"rendered":"TM 4"},"content":{"rendered":"<div class=\"wpb-content-wrapper\">[vc_row][vc_column][vc_column_text text_align=\u00a0\u00bbcenter\u00a0\u00bb el_class=\u00a0\u00bbintro\u00a0\u00bb]La machine d&#8217;emballage BVM TM 4 tray packer peut \u00eatre utilis\u00e9e pour emballer des produits tels que des conserves, des produits alimentaires, des bo\u00eetes pliantes, des produits emball\u00e9s ronds et carr\u00e9s, de mani\u00e8re s\u00fbre et prot\u00e9g\u00e9e de mani\u00e8re optimale dans des bo\u00eetes en carton ondul\u00e9. Dans la barquette avec bord ou ferm\u00e9e sur tous les c\u00f4t\u00e9s comme un wrap-around, cette solution d&#8217;emballage est indispensable pour le conditionnement de produits sensibles qui doivent \u00eatre transport\u00e9s format\u00e9s comme un paquet.[\/vc_column_text][\/vc_column][\/vc_row][vc_row][vc_column width=\u00a0\u00bb1\/2&Prime;][vc_column_text]\n<h2>Emballeuse de plateaux TM 4 &#8211; la machine d&#8217;emballage en carton pour les produits ronds et carr\u00e9s<\/h2>\n<ul>\n<li>Ajustement automatique de la taille<\/li>\n<li>D\u00e9collage \u00e0 vide par servomoteur<\/li>\n<li>Disponible en \u00e9quipement VA<\/li>\n<li>Travail en ligne ou en angle<\/li>\n<li>Jusqu&rsquo;\u00e0 25 cycles\/minute*.<\/li>\n<\/ul>\n[\/vc_column_text][\/vc_column][vc_column width=\u00a0\u00bb1\/2&Prime;][\/vc_column][\/vc_row]\n<\/div>","protected":false},"excerpt":{"rendered":"<p>[vc_row][vc_column][vc_column_text text_align=\u00a0\u00bbcenter\u00a0\u00bb el_class=\u00a0\u00bbintro\u00a0\u00bb]La machine d&#8217;emballage BVM TM 4 tray packer peut \u00eatre utilis\u00e9e pour emballer des produits tels que des conserves, des produits alimentaires, des bo\u00eetes pliantes, des produits emball\u00e9s ronds et carr\u00e9s, de mani\u00e8re s\u00fbre et prot\u00e9g\u00e9e de mani\u00e8re optimale dans des bo\u00eetes en carton ondul\u00e9. Dans la barquette avec bord ou ferm\u00e9e sur&hellip;<\/p>\n","protected":false},"author":1,"featured_media":6393,"parent":6775,"menu_order":1,"comment_status":"closed","ping_status":"closed","template":"","meta":{"_seopress_robots_primary_cat":"","_seopress_titles_title":"","_seopress_titles_desc":"","_seopress_robots_index":"","footnotes":""},"class_list":["post-6768","page","type-page","status-publish","has-post-thumbnail","hentry","entry","has-media"],"_links":{"self":[{"href":"https:\/\/www.itra.be\/fr\/wp-json\/wp\/v2\/pages\/6768","targetHints":{"allow":["GET"]}}],"collection":[{"href":"https:\/\/www.itra.be\/fr\/wp-json\/wp\/v2\/pages"}],"about":[{"href":"https:\/\/www.itra.be\/fr\/wp-json\/wp\/v2\/types\/page"}],"author":[{"embeddable":true,"href":"https:\/\/www.itra.be\/fr\/wp-json\/wp\/v2\/users\/1"}],"replies":[{"embeddable":true,"href":"https:\/\/www.itra.be\/fr\/wp-json\/wp\/v2\/comments?post=6768"}],"version-history":[{"count":2,"href":"https:\/\/www.itra.be\/fr\/wp-json\/wp\/v2\/pages\/6768\/revisions"}],"predecessor-version":[{"id":6773,"href":"https:\/\/www.itra.be\/fr\/wp-json\/wp\/v2\/pages\/6768\/revisions\/6773"}],"up":[{"embeddable":true,"href":"https:\/\/www.itra.be\/fr\/wp-json\/wp\/v2\/pages\/6775"}],"wp:featuredmedia":[{"embeddable":true,"href":"https:\/\/www.itra.be\/fr\/wp-json\/wp\/v2\/media\/6393"}],"wp:attachment":[{"href":"https:\/\/www.itra.be\/fr\/wp-json\/wp\/v2\/media?parent=6768"}],"curies":[{"name":"wp","href":"https:\/\/api.w.org\/{rel}","templated":true}]}}