{"id":6775,"date":"2022-06-27T12:58:47","date_gmt":"2022-06-27T12:58:47","guid":{"rendered":"https:\/\/www.itra.be\/machines-demballage\/machines-demballage-en-carton\/"},"modified":"2022-10-11T14:27:09","modified_gmt":"2022-10-11T14:27:09","slug":"machines-demballage-en-carton","status":"publish","type":"page","link":"https:\/\/www.itra.be\/fr\/machines-demballage\/machines-demballage-en-carton\/","title":{"rendered":"Machines d&#8217;emballage en carton"},"content":{"rendered":"<div class=\"wpb-content-wrapper\">[vc_row][vc_column]<div class=\"vcex-spacing wpex-w-100 wpex-clear\" style=\"height:80px;\"><\/div><h1 class=\"vcex-heading vcex-heading-plain vcex-module wpex-heading wpex-text-2xl wpex-h1 wpex-text-center\"><span class=\"vcex-heading-inner wpex-inline-block\">Machines d'emballage en carton<\/span><\/h1><div class=\"vcex-spacing wpex-w-100 wpex-clear\"><\/div>[vc_column_text text_align=\u00a0\u00bbcenter\u00a0\u00bb width=\u00a0\u00bb60%\u00a0\u00bb el_class=\u00a0\u00bbintro\u00a0\u00bb]Pour le conditionnement des conserves, des bouteilles en verre ou des bo\u00eetes pliantes, nous proposons une solution d&#8217;emballage sophistiqu\u00e9e et polyvalente. Au moyen de d\u00e9coupes de carton ondul\u00e9 pr\u00e9perfor\u00e9es et pr\u00e9-creus\u00e9es,<br \/>\nLes deux variantes de machines TM 4 et WM 4 cr\u00e9ent une protection optimale du produit sous ou autour de vos unit\u00e9s d&#8217;emballage.[\/vc_column_text]<div class=\"vcex-spacing wpex-w-100 wpex-clear\" style=\"height:80px;\"><\/div>[\/vc_column][\/vc_row][vc_row][vc_column]<h4 class=\"vcex-heading vcex-heading-plain vcex-module wpex-heading wpex-text-2xl wpex-h4 title-icon\"><span class=\"vcex-heading-inner wpex-inline-block\">Machines d'emballage en carton BVM<\/span><\/h4><div class=\"vcex-spacing wpex-w-100 wpex-clear\" style=\"height:60px;\"><\/div><div class=\"wpex-post-cards wpex-post-cards-product-itra wpex-relative\"><div class=\"wpex-post-cards-inner\"><div class=\"wpex-post-cards-loop wpex-post-cards-grid wpex-row wpex-clr\"><div class=\"wpex-post-cards-entry col col-1 span_1_of_4 post-6768 type-page\"><div class=\"wpex-card wpex-card-product-itra\"><div class=\"wpex-card-inner wpex-text-center wpex-relative itra-card\"><div class=\"wpex-card-media overlay-parent overlay-parent-1\"><div class=\"wpex-card-thumbnail wpex-relative\"><a href=\"https:\/\/www.itra.be\/fr\/machines-demballage\/machines-demballage-en-carton\/tm-4\/\"><img loading=\"lazy\" class=\"wpex-align-middle\" alt=\"TM 4\" decoding=\"async\" src=\"https:\/\/www.itra.be\/wp-content\/uploads\/2022\/06\/bvm-brunner-wrap-around-packer-tm4-350x360.jpg\" width=\"350\" height=\"360\"><\/a><\/div><\/div><div class=\"wpex-card-details wpex-last-mb-0\"><a class=\"itra-card-link\" href=\"https:\/\/www.itra.be\/fr\/machines-demballage\/machines-demballage-en-carton\/tm-4\/\"><\/a><h2 class=\"wpex-card-title wpex-heading wpex-text-md wpex-mb-5\"><a href=\"https:\/\/www.itra.be\/fr\/machines-demballage\/machines-demballage-en-carton\/tm-4\/\">TM 4<\/a><\/h2><div class=\"wpex-card-excerpt wpex-last-mb-0 itra-card-excerpt wpex-text-md wpex-mb-5\"><a href=\"https:\/\/www.itra.be\/fr\/machines-demballage\/machines-demballage-en-carton\/tm-4\/\"><p>La machine d&#8217;emballage BVM TM 4 tray packer peut \u00eatre utilis\u00e9e pour emballer des produits tels que des conserves, des&hellip;<\/p>\n<\/a><\/div><\/div><\/div><\/div><\/div><div class=\"wpex-post-cards-entry col col-2 span_1_of_4 post-6780 type-page\"><div class=\"wpex-card wpex-card-product-itra\"><div class=\"wpex-card-inner wpex-text-center wpex-relative itra-card\"><div class=\"wpex-card-media overlay-parent overlay-parent-1\"><div class=\"wpex-card-thumbnail wpex-relative\"><a href=\"https:\/\/www.itra.be\/fr\/machines-demballage\/machines-demballage-en-carton\/wm-4\/\"><img loading=\"lazy\" class=\"wpex-align-middle\" alt=\"WM 4\" decoding=\"async\" src=\"https:\/\/www.itra.be\/wp-content\/uploads\/2022\/06\/bvm-brunner-wrap-around-packer-wm4-350x360.jpg\" width=\"350\" height=\"360\"><\/a><\/div><\/div><div class=\"wpex-card-details wpex-last-mb-0\"><a class=\"itra-card-link\" href=\"https:\/\/www.itra.be\/fr\/machines-demballage\/machines-demballage-en-carton\/wm-4\/\"><\/a><h2 class=\"wpex-card-title wpex-heading wpex-text-md wpex-mb-5\"><a href=\"https:\/\/www.itra.be\/fr\/machines-demballage\/machines-demballage-en-carton\/wm-4\/\">WM 4<\/a><\/h2><div class=\"wpex-card-excerpt wpex-last-mb-0 itra-card-excerpt wpex-text-md wpex-mb-5\"><a href=\"https:\/\/www.itra.be\/fr\/machines-demballage\/machines-demballage-en-carton\/wm-4\/\"><p>Les machines d&#8217;emballage wrap-around BVM WM 4\/5 peuvent \u00eatre utilis\u00e9es pour emballer des produits tels que des conserves, des produits&hellip;<\/p>\n<\/a><\/div><\/div><\/div><\/div><\/div><\/div><\/div><\/div>[\/vc_column][\/vc_row][vc_row][vc_column width=\u00a0\u00bb1\/2&Prime;]<div class=\"vcex-spacing wpex-w-100 wpex-clear\" style=\"height:10vh;\"><\/div><figure class=\"vcex-image vcex-module  wpb_animate_when_almost_visible wpb_fadeIn fadeIn\"><div class=\"vcex-image-inner wpex-relative wpex-inline-block\"><img width=\"908\" height=\"719\" src=\"https:\/\/www.itra.be\/wp-content\/uploads\/2022\/06\/Lebensmittel-2.jpeg\" class=\"vcex-image-img wpex-align-middle\" alt=\"\" loading=\"lazy\" decoding=\"async\" srcset=\"https:\/\/www.itra.be\/wp-content\/uploads\/2022\/06\/Lebensmittel-2.jpeg 908w, https:\/\/www.itra.be\/wp-content\/uploads\/2022\/06\/Lebensmittel-2-300x238.jpeg 300w, https:\/\/www.itra.be\/wp-content\/uploads\/2022\/06\/Lebensmittel-2-768x608.jpeg 768w\" sizes=\"auto, (max-width: 908px) 100vw, 908px\" \/><\/div><\/figure>[\/vc_column][vc_column width=\u00a0\u00bb1\/2&Prime; css=\u00a0\u00bb.vc_custom_1620728165931{padding-right: 100px !important;padding-left: 100px !important;}\u00a0\u00bb]<h3 class=\"vcex-heading vcex-heading-plain vcex-module wpex-heading wpex-text-2xl wpex-h3\"><span class=\"vcex-heading-inner wpex-inline-block\">Emballeuses de plateaux et emballeuses enveloppantes<\/span><\/h3><div class=\"vcex-spacing wpex-w-100 wpex-clear\"><\/div>[vc_column_text width=\u00a0\u00bb80%\u00a0\u00bb align=\u00a0\u00bbleft\u00a0\u00bb]Les emballeuses de plateaux et d&rsquo;enveloppes BVM assurent un processus d&#8217;emballage optimal.<br \/>\nLa large gamme de dispositifs d&rsquo;alimentation et de regroupement adaptables permet de traiter en toute s\u00e9curit\u00e9 et en douceur les bo\u00eetes pliantes, les bo\u00eetes de conserve, les bocaux, les bouteilles, etc.<br \/>\nL&#8217;emballeuse de barquettes et d&#8217;emballages enveloppants traite les d\u00e9coupes de carton ondul\u00e9 avec pr\u00e9cision et fiabilit\u00e9, en les remplissant, les collant et les scellant facilement.<br \/>\nGr\u00e2ce \u00e0 la large gamme de tailles, vous pouvez compter sur une flexibilit\u00e9 maximale. Le changement de taille simple (qui peut \u00eatre automatis\u00e9 si n\u00e9cessaire) garantit des r\u00e9glages reproductibles en quelques minutes.<br \/>\nLe magasin de flans BVM permet de recharger les flans pendant le fonctionnement ; un syst\u00e8me de stockage des flans \u00e9tendu compl\u00e8te le concept global.<br \/>\nLa tendance est aux emballages durables en carton ondul\u00e9 fabriqu\u00e9s \u00e0 partir de mat\u00e9riaux recycl\u00e9s.<br \/>\nLa conception modulaire de BVM permet de monter et de remplir les plateaux avec une grande vari\u00e9t\u00e9 de produits et de tailles.[\/vc_column_text]<div class=\"vcex-spacing wpex-w-100 wpex-clear\" style=\"height:5vh;\"><\/div><figure class=\"vcex-image vcex-module  wpb_animate_when_almost_visible wpb_fadeIn fadeIn\"><div class=\"vcex-image-inner wpex-relative wpex-inline-block vc_custom_1656334722516\"><img width=\"426\" height=\"354\" src=\"https:\/\/www.itra.be\/wp-content\/uploads\/2022\/06\/bvm-brunner-packmuster-tray-packer-wrap-around-packer-02.jpeg\" class=\"vcex-image-img wpex-align-middle\" alt=\"\" loading=\"lazy\" decoding=\"async\" srcset=\"https:\/\/www.itra.be\/wp-content\/uploads\/2022\/06\/bvm-brunner-packmuster-tray-packer-wrap-around-packer-02.jpeg 426w, https:\/\/www.itra.be\/wp-content\/uploads\/2022\/06\/bvm-brunner-packmuster-tray-packer-wrap-around-packer-02-300x249.jpeg 300w\" sizes=\"auto, (max-width: 426px) 100vw, 426px\" \/><\/div><\/figure>[\/vc_column][\/vc_row]\n<\/div>","protected":false},"excerpt":{"rendered":"<p>ITRA construit des syst\u00e8mes de convoyeurs internes standard et personnalis\u00e9s.<br \/>\nIng\u00e9nierie de conception 3D<br \/>\nRobuste<br \/>\nComposants de haute qualit\u00e9<br \/>\n20 ans d&rsquo;expertise<\/p>\n","protected":false},"author":1,"featured_media":6391,"parent":6408,"menu_order":4,"comment_status":"closed","ping_status":"open","template":"","meta":{"_seopress_robots_primary_cat":"","_seopress_titles_title":"","_seopress_titles_desc":"","_seopress_robots_index":"","footnotes":""},"class_list":["post-6775","page","type-page","status-publish","has-post-thumbnail","hentry","entry","has-media"],"_links":{"self":[{"href":"https:\/\/www.itra.be\/fr\/wp-json\/wp\/v2\/pages\/6775","targetHints":{"allow":["GET"]}}],"collection":[{"href":"https:\/\/www.itra.be\/fr\/wp-json\/wp\/v2\/pages"}],"about":[{"href":"https:\/\/www.itra.be\/fr\/wp-json\/wp\/v2\/types\/page"}],"author":[{"embeddable":true,"href":"https:\/\/www.itra.be\/fr\/wp-json\/wp\/v2\/users\/1"}],"replies":[{"embeddable":true,"href":"https:\/\/www.itra.be\/fr\/wp-json\/wp\/v2\/comments?post=6775"}],"version-history":[{"count":2,"href":"https:\/\/www.itra.be\/fr\/wp-json\/wp\/v2\/pages\/6775\/revisions"}],"predecessor-version":[{"id":6781,"href":"https:\/\/www.itra.be\/fr\/wp-json\/wp\/v2\/pages\/6775\/revisions\/6781"}],"up":[{"embeddable":true,"href":"https:\/\/www.itra.be\/fr\/wp-json\/wp\/v2\/pages\/6408"}],"wp:featuredmedia":[{"embeddable":true,"href":"https:\/\/www.itra.be\/fr\/wp-json\/wp\/v2\/media\/6391"}],"wp:attachment":[{"href":"https:\/\/www.itra.be\/fr\/wp-json\/wp\/v2\/media?parent=6775"}],"curies":[{"name":"wp","href":"https:\/\/api.w.org\/{rel}","templated":true}]}}