{"id":6800,"date":"2022-06-27T12:54:08","date_gmt":"2022-06-27T12:54:08","guid":{"rendered":"https:\/\/www.itra.be\/machines-demballage\/machines-a-emballer-le-papier\/papertec-800\/"},"modified":"2022-10-11T14:27:11","modified_gmt":"2022-10-11T14:27:11","slug":"papertec-800","status":"publish","type":"page","link":"https:\/\/www.itra.be\/fr\/machines-demballage\/machines-a-emballer-le-papier\/papertec-800\/","title":{"rendered":"Papertec 800"},"content":{"rendered":"<div class=\"wpb-content-wrapper\">[vc_row][vc_column][vc_column_text text_align=\u00a0\u00bbcenter\u00a0\u00bb el_class=\u00a0\u00bbintro\u00a0\u00bb]BVM met en \u0153uvre de mani\u00e8re cibl\u00e9e toutes ces exigences de pointe : Le nouveau BVM Papertec 800 conditionne des articles d&rsquo;exp\u00e9dition aux dimensions variables. Qu&rsquo;il s&rsquo;agisse d&rsquo;une paire de chaussettes ou d&rsquo;une veste, tous les produits sont emball\u00e9s de mani\u00e8re enti\u00e8rement automatique dans un emballage en papier scell\u00e9 avec une \u00e9tiquette d&rsquo;exp\u00e9dition.<\/p>\n<p>Avec du papier kraft pur, sans rev\u00eatement PE et sans d\u00e9chets de papier, les articles sont emball\u00e9s pour s&rsquo;adapter exactement et sont pr\u00eats \u00e0 \u00eatre exp\u00e9di\u00e9s. Le mat\u00e9riau d&#8217;emballage en papier pur est enti\u00e8rement recyclable et compostable. Gr\u00e2ce \u00e0 une option de refermeture, l&#8217;emballage peut \u00eatre r\u00e9utilis\u00e9 par le client pour les retours d&rsquo;exp\u00e9dition. Le papier est nettement moins cher que les emballages en carton, par exemple, et peut \u00eatre stock\u00e9 sous forme de rouleaux, ce qui permet de gagner de l&rsquo;espace et d&rsquo;obtenir une seule largeur. Le processus d&#8217;emballage enti\u00e8rement automatis\u00e9 de la BVM Papertec 800 permet \u00e9galement de r\u00e9aliser des \u00e9conomies importantes en termes de co\u00fbts de personnel. Les processus sophistiqu\u00e9s de ce syst\u00e8me orient\u00e9 vers l&rsquo;avenir garantissent une production s\u00fbre et fiable.<\/p>\n<p>De nombreuses entreprises du commerce en ligne se sont fix\u00e9 pour objectif une production neutre sur le plan climatique dans un avenir proche. Le nouveau BVM Papertec 800 permet de mettre en \u0153uvre plus facilement des concepts innovants et respectueux de l&rsquo;environnement (comme la r\u00e9duction drastique de l&rsquo;utilisation de mat\u00e9riaux gr\u00e2ce \u00e0 l&rsquo;utilisation d&#8217;emballages en papier) et d&rsquo;atteindre plus rapidement les objectifs fix\u00e9s.<\/p>\n<p>De nombreux brevets ont \u00e9t\u00e9 d\u00e9pos\u00e9s et des droits de propri\u00e9t\u00e9 industrielle ont \u00e9t\u00e9 accord\u00e9s pour le nouveau concept de machine ainsi que pour l&#8217;emballage innovant.[\/vc_column_text][\/vc_column][\/vc_row][vc_row][vc_column width=\u00a0\u00bb1\/2&Prime;][vc_column_text]\n<h2>Papertec 800 &#8211; la machine pour l&#8217;emballage d&rsquo;exp\u00e9dition enti\u00e8rement automatique en papier de qualit\u00e9 sup\u00e9rieure<\/h2>\n<p>Machine d&#8217;emballage complet Papertec 800<\/p>\n<ul>\n<li>Largeur du papier jusqu&rsquo;\u00e0 800 mm<\/li>\n<li>Hauteur du produit jusqu&rsquo;\u00e0 100 mm<\/li>\n<li>Jusqu&rsquo;\u00e0 12 cycles\/min.<\/li>\n<\/ul>\n[\/vc_column_text][\/vc_column][vc_column width=\u00a0\u00bb1\/2&Prime;][\/vc_column][\/vc_row]\n<\/div>","protected":false},"excerpt":{"rendered":"<p>[vc_row][vc_column][vc_column_text text_align=\u00a0\u00bbcenter\u00a0\u00bb el_class=\u00a0\u00bbintro\u00a0\u00bb]BVM met en \u0153uvre de mani\u00e8re cibl\u00e9e toutes ces exigences de pointe : Le nouveau BVM Papertec 800 conditionne des articles d&rsquo;exp\u00e9dition aux dimensions variables. Qu&rsquo;il s&rsquo;agisse d&rsquo;une paire de chaussettes ou d&rsquo;une veste, tous les produits sont emball\u00e9s de mani\u00e8re enti\u00e8rement automatique dans un emballage en papier scell\u00e9 avec une \u00e9tiquette d&rsquo;exp\u00e9dition.&hellip;<\/p>\n","protected":false},"author":1,"featured_media":6383,"parent":6777,"menu_order":1,"comment_status":"closed","ping_status":"closed","template":"","meta":{"_seopress_robots_primary_cat":"","_seopress_titles_title":"","_seopress_titles_desc":"","_seopress_robots_index":"","footnotes":""},"class_list":["post-6800","page","type-page","status-publish","has-post-thumbnail","hentry","entry","has-media"],"_links":{"self":[{"href":"https:\/\/www.itra.be\/fr\/wp-json\/wp\/v2\/pages\/6800","targetHints":{"allow":["GET"]}}],"collection":[{"href":"https:\/\/www.itra.be\/fr\/wp-json\/wp\/v2\/pages"}],"about":[{"href":"https:\/\/www.itra.be\/fr\/wp-json\/wp\/v2\/types\/page"}],"author":[{"embeddable":true,"href":"https:\/\/www.itra.be\/fr\/wp-json\/wp\/v2\/users\/1"}],"replies":[{"embeddable":true,"href":"https:\/\/www.itra.be\/fr\/wp-json\/wp\/v2\/comments?post=6800"}],"version-history":[{"count":2,"href":"https:\/\/www.itra.be\/fr\/wp-json\/wp\/v2\/pages\/6800\/revisions"}],"predecessor-version":[{"id":6803,"href":"https:\/\/www.itra.be\/fr\/wp-json\/wp\/v2\/pages\/6800\/revisions\/6803"}],"up":[{"embeddable":true,"href":"https:\/\/www.itra.be\/fr\/wp-json\/wp\/v2\/pages\/6777"}],"wp:featuredmedia":[{"embeddable":true,"href":"https:\/\/www.itra.be\/fr\/wp-json\/wp\/v2\/media\/6383"}],"wp:attachment":[{"href":"https:\/\/www.itra.be\/fr\/wp-json\/wp\/v2\/media?parent=6800"}],"curies":[{"name":"wp","href":"https:\/\/api.w.org\/{rel}","templated":true}]}}