{"id":6510,"date":"2022-03-10T09:40:30","date_gmt":"2022-03-10T09:40:30","guid":{"rendered":"https:\/\/www.itra.be\/transportbanden\/riemen-en-banden\/"},"modified":"2023-02-20T15:30:03","modified_gmt":"2023-02-20T15:30:03","slug":"riemen-en-banden","status":"publish","type":"page","link":"https:\/\/www.itra.be\/nl\/transportbanden\/riemen-en-banden\/","title":{"rendered":"Riemen en banden"},"content":{"rendered":"<div class=\"wpb-content-wrapper\">[vc_row][vc_column][vc_column_text text_align=&#8221;center&#8221; el_class=&#8221;intro&#8221;]Transportbanden met snaar- of bandaandrijving worden gebruikt in een aantal specifieke technische toepassingen.[\/vc_column_text][\/vc_column][\/vc_row][vc_row][vc_column][vc_column_text]\n<h2>Riemen en koorden worden gebruikt om<\/h2>\n<ul>\n<li>Transport van zeer fijne producten zoals bijvoorbeeld vellen papier. Dit soort banden is bijvoorbeeld ge\u00efntegreerd in de K\u00f6ra-Packmack feeders.<\/li>\n<li>Een product op \u00e9\u00e9n of meerdere plaatsen kunnen benaderen, bijvoorbeeld om etiketten of een opdruk toe te voegen of een lasnaad op te nemen.<\/li>\n<li>Verplaats producten in een loodrechte richting, bijvoorbeeld tussen rollenbanen.<\/li>\n<li>Laat de bestanddelen van een over te brengen product doorvallen.<\/li>\n<li>Bouw een loodrechte overgang tussen twee transportbanden zonder gebruik te maken van duwmachines.<\/li>\n<\/ul>\n[\/vc_column_text][\/vc_column][\/vc_row]\n<\/div>","protected":false},"excerpt":{"rendered":"<p>[vc_row][vc_column][vc_column_text text_align=&#8221;center&#8221; el_class=&#8221;intro&#8221;]Transportbanden met snaar- of bandaandrijving worden gebruikt in een aantal specifieke technische toepassingen.[\/vc_column_text][\/vc_column][\/vc_row][vc_row][vc_column][vc_column_text] Riemen en koorden worden gebruikt om Transport van zeer fijne producten zoals bijvoorbeeld vellen papier. Dit soort banden is bijvoorbeeld ge\u00efntegreerd in de K\u00f6ra-Packmack feeders. Een product op \u00e9\u00e9n of meerdere plaatsen kunnen benaderen, bijvoorbeeld om etiketten of een opdruk&hellip;<\/p>\n","protected":false},"author":1,"featured_media":5984,"parent":6407,"menu_order":11,"comment_status":"closed","ping_status":"closed","template":"","meta":{"_seopress_robots_primary_cat":"","_seopress_titles_title":"","_seopress_titles_desc":"","_seopress_robots_index":"","footnotes":""},"class_list":["post-6510","page","type-page","status-publish","has-post-thumbnail","hentry","entry","has-media"],"_links":{"self":[{"href":"https:\/\/www.itra.be\/nl\/wp-json\/wp\/v2\/pages\/6510","targetHints":{"allow":["GET"]}}],"collection":[{"href":"https:\/\/www.itra.be\/nl\/wp-json\/wp\/v2\/pages"}],"about":[{"href":"https:\/\/www.itra.be\/nl\/wp-json\/wp\/v2\/types\/page"}],"author":[{"embeddable":true,"href":"https:\/\/www.itra.be\/nl\/wp-json\/wp\/v2\/users\/1"}],"replies":[{"embeddable":true,"href":"https:\/\/www.itra.be\/nl\/wp-json\/wp\/v2\/comments?post=6510"}],"version-history":[{"count":4,"href":"https:\/\/www.itra.be\/nl\/wp-json\/wp\/v2\/pages\/6510\/revisions"}],"predecessor-version":[{"id":6907,"href":"https:\/\/www.itra.be\/nl\/wp-json\/wp\/v2\/pages\/6510\/revisions\/6907"}],"up":[{"embeddable":true,"href":"https:\/\/www.itra.be\/nl\/wp-json\/wp\/v2\/pages\/6407"}],"wp:featuredmedia":[{"embeddable":true,"href":"https:\/\/www.itra.be\/nl\/wp-json\/wp\/v2\/media\/5984"}],"wp:attachment":[{"href":"https:\/\/www.itra.be\/nl\/wp-json\/wp\/v2\/media?parent=6510"}],"curies":[{"name":"wp","href":"https:\/\/api.w.org\/{rel}","templated":true}]}}